{"id":36023,"date":"2023-07-03T11:26:33","date_gmt":"2023-07-03T11:26:33","guid":{"rendered":"https:\/\/www.dealing.es\/?page_id=36023"},"modified":"2025-12-22T08:25:46","modified_gmt":"2025-12-22T08:25:46","slug":"la-metodologia","status":"publish","type":"page","link":"https:\/\/www.dealing.es\/es\/la-metodologia\/","title":{"rendered":"La Metodolog\u00eda"},"content":{"rendered":"\t\t<div data-elementor-type=\"wp-page\" data-elementor-id=\"36023\" class=\"elementor elementor-36023\">\n\t\t\t\t\t\t<section class=\"elementor-section elementor-top-section elementor-element elementor-element-380a717 elementor-section-content-top elementor-section-boxed elementor-section-height-default elementor-section-height-default\" data-id=\"380a717\" data-element_type=\"section\" data-e-type=\"section\">\n\t\t\t\t\t\t<div class=\"elementor-container elementor-column-gap-default\">\n\t\t\t\t\t<div class=\"elementor-column elementor-col-100 elementor-top-column elementor-element elementor-element-4dbcd3f\" data-id=\"4dbcd3f\" data-element_type=\"column\" data-e-type=\"column\">\n\t\t\t<div class=\"elementor-widget-wrap elementor-element-populated\">\n\t\t\t\t\t\t<div class=\"elementor-element elementor-element-aaa0a5c elementor-widget elementor-widget-ceatab\" data-id=\"aaa0a5c\" data-element_type=\"widget\" data-e-type=\"widget\" data-widget_type=\"ceatab.default\">\n\t\t\t\t\r\n\t\t<div class=\"elementor-widget-container cea-tab-elementor-widget tab-style-2 cea-vertical-tab\">\r\n\t\t\t<div class=\"nav nav-tabs cea-tabs\"><a class=\"nav-item nav-link active\" href=\"#cea-tab-1-1\"><span class=\"elementor-tab-icon elementor-tab-icon-top\" aria-hidden=\"true\"><span class=\"cea-tab-icon\"><i aria-hidden=\"true\" class=\" bi-arrow-up-right-circle\"><\/i><\/span><\/span><h5 class=\"cea-tab-title\">enfoque<\/h5><\/a><a class=\"nav-item nav-link\" href=\"#cea-tab-1-2\"><span class=\"elementor-tab-icon elementor-tab-icon-top\" aria-hidden=\"true\"><span class=\"cea-tab-icon\"><i aria-hidden=\"true\" class=\"ti ti-bar-chart\"><\/i><\/span><\/span><h5 class=\"cea-tab-title\">resultados<\/h5><\/a><a class=\"nav-item nav-link\" href=\"#cea-tab-1-3\"><span class=\"elementor-tab-icon elementor-tab-icon-top\" aria-hidden=\"true\"><span class=\"cea-tab-icon\"><i aria-hidden=\"true\" class=\" bi-person-check\"><\/i><\/span><\/span><h5 class=\"cea-tab-title\">profesionales<\/h5><\/a><\/div><div class=\"tab-content cea-tab-content\"><div class=\"cea-tab-pane active\" id=\"cea-tab-1-1\"><p><img fetchpriority=\"high\" decoding=\"async\" class=\"alignnone wp-image-36101 size-full\" src=\"https:\/\/www.dealing.es\/wp-content\/uploads\/2023\/07\/metodologia-e1688454564567.jpg\" alt=\"metodolog\u00eda de formaci\u00f3n empresarial\" width=\"2472\" height=\"970\" srcset=\"https:\/\/www.dealing.es\/wp-content\/uploads\/2023\/07\/metodologia-e1688454564567.jpg 2472w, https:\/\/www.dealing.es\/wp-content\/uploads\/2023\/07\/metodologia-e1688454564567-768x301.jpg 768w, https:\/\/www.dealing.es\/wp-content\/uploads\/2023\/07\/metodologia-e1688454564567-1536x603.jpg 1536w, https:\/\/www.dealing.es\/wp-content\/uploads\/2023\/07\/metodologia-e1688454564567-2048x804.jpg 2048w, https:\/\/www.dealing.es\/wp-content\/uploads\/2023\/07\/metodologia-e1688454564567-1200x471.jpg 1200w\" sizes=\"(max-width: 2472px) 100vw, 2472px\" \/><\/p><p>Nuestra metodolog\u00eda se centra en un enfoque integral de la formaci\u00f3n en habilidades y competencias interpersonales (soft skills) haciendo hincapi\u00e9 en la aplicaci\u00f3n pr\u00e1ctica y la colaboraci\u00f3n entre asistentes a las sesiones, los responsables de su organizaci\u00f3n y los formadores implicados.<\/p><p>Dise\u00f1amos e implantamos nuestros programas y acciones formativas contemplando los siguientes aspectos:<\/p><ul><li><b>Identificaci\u00f3n<\/b> de las competencias espec\u00edficas que se deben desarrollar en conexi\u00f3n con los resultados que tanto la organizaci\u00f3n como los asistentes esperan lograr.<\/li><li><b>Impacto<\/b> por generar dentro del contexto definido, necesidades de los participantes y su entorno de trabajo. Buscamos implicar a los asistentes desde el uso de casos pr\u00e1cticos, simulaciones y juegos de rol que les ayudan a aplicar nuevos conocimientos y herramientas a situaciones de la vida real, haciendo que la experiencia de aprendizaje sea m\u00e1s atractiva y eficaz.<\/li><li><b>Implicaci\u00f3n<\/b> con la organizaci\u00f3n y los participantes proporcion\u00e1ndoles orientaci\u00f3n detallada sobre herramientas y t\u00e9cnicas para desarrollar y reforzar las competencias: sesiones en aula o virtuales, din\u00e1micas vivenciales, material did\u00e1ctico espec\u00edfico, coaching individual, mentoring, reuniones de trabajo, seguimiento individual o grupal.<\/li><\/ul><p>Esta <b>metodolog\u00eda 3i<\/b> (identificar, impactar, implicar) ayuda a los profesionales a desarrollar las habilidades interpersonales necesarias para tener \u00e9xito en sus funciones, lo que conduce a una mayor productividad y mejores resultados.<\/p><p>Nuestros proyectos formativos se configuran a medida. Empleamos profesionales expertos en cada materia para ayudar a las personas en su desarrollo, utilizando herramientas pr\u00e1cticas y f\u00e1cilmente aplicables en su puesto de trabajo.<\/p><p>Adem\u00e1s, en el aula trabajamos herramientas que les facilitan la gesti\u00f3n de los retos que les surgen en su trabajo, de manera pr\u00e1ctica y vivencial, para que a la vez que aprenden disfruten de una jornada distendida y relajada.<\/p><\/div><div class=\"cea-tab-pane\" id=\"cea-tab-1-2\"><p><img decoding=\"async\" class=\"alignnone wp-image-36051 size-full\" src=\"https:\/\/www.dealing.es\/wp-content\/uploads\/2023\/07\/AdobeStock_474193473-scaled-e1688453453250.jpeg\" alt=\"metodolog\u00eda de formaci\u00f3n empresarial\" width=\"2560\" height=\"1228\" srcset=\"https:\/\/www.dealing.es\/wp-content\/uploads\/2023\/07\/AdobeStock_474193473-scaled-e1688453453250.jpeg 2560w, https:\/\/www.dealing.es\/wp-content\/uploads\/2023\/07\/AdobeStock_474193473-scaled-e1688453453250-768x368.jpeg 768w, https:\/\/www.dealing.es\/wp-content\/uploads\/2023\/07\/AdobeStock_474193473-scaled-e1688453453250-1536x737.jpeg 1536w, https:\/\/www.dealing.es\/wp-content\/uploads\/2023\/07\/AdobeStock_474193473-scaled-e1688453453250-2048x982.jpeg 2048w, https:\/\/www.dealing.es\/wp-content\/uploads\/2023\/07\/AdobeStock_474193473-scaled-e1688453453250-1200x576.jpeg 1200w\" sizes=\"(max-width: 2560px) 100vw, 2560px\" \/><br \/>Los objetivos de nuestros clientes son los nuestros. Creamos valor desarrollando a sus profesionales desde la confidencialidad, honestidad e implicaci\u00f3n personal de nuestros consultores con cada uno de ellos.<\/p><p>Nos comprometemos con las personas participantes en cada programa formativo a ayudarlos a superar retos y avanzar en su desarrollo como profesionales que aportan valor a sus organizaciones.<\/p><\/div><div class=\"cea-tab-pane\" id=\"cea-tab-1-3\"><p><img decoding=\"async\" class=\"wp-image-36087 size-full\" src=\"https:\/\/www.dealing.es\/wp-content\/uploads\/2023\/07\/AdobeStock_271585653-scaled-e1688453712461.jpeg\" alt=\"metodolog\u00eda de formaci\u00f3n empresarial\" width=\"2560\" height=\"1523\" srcset=\"https:\/\/www.dealing.es\/wp-content\/uploads\/2023\/07\/AdobeStock_271585653-scaled-e1688453712461.jpeg 2560w, https:\/\/www.dealing.es\/wp-content\/uploads\/2023\/07\/AdobeStock_271585653-scaled-e1688453712461-768x457.jpeg 768w, https:\/\/www.dealing.es\/wp-content\/uploads\/2023\/07\/AdobeStock_271585653-scaled-e1688453712461-1536x914.jpeg 1536w, https:\/\/www.dealing.es\/wp-content\/uploads\/2023\/07\/AdobeStock_271585653-scaled-e1688453712461-2048x1218.jpeg 2048w, https:\/\/www.dealing.es\/wp-content\/uploads\/2023\/07\/AdobeStock_271585653-scaled-e1688453712461-1200x714.jpeg 1200w\" sizes=\"(max-width: 2560px) 100vw, 2560px\" \/><\/p><p>En Dealing with People, adaptamos la metodolog\u00eda a las necesidades y requerimientos de nuestros clientes, partiendo de un buen conocimiento de los profesionales a desarrollar, trabajamos en colaboraci\u00f3n con recursos humanos para garantizar el \u00e9xito de los programas y acciones emprendidas.<\/p><p>Todos nuestros consultores\/formadores tienen m\u00e1s de 15 a\u00f1os de experiencia profesional en posiciones directivas gestionando equipos, dirigiendo empresas o llevando a cabo proyectos complejos. Asimismo, est\u00e1n capacitados para emplear las t\u00e9cnicas did\u00e1cticas m\u00e1s novedosas y eficaces atendiendo al reto formativo: visual thinking, lego serious play, liderazgo sist\u00e9mico, <em>playmobil<\/em>, <em>coaching<\/em>, neuland, <em>agile<\/em>, <em>design thinking<\/em>, paneles de discusi\u00f3n, role-play, simuladores, casos pr\u00e1cticos, <em>flipped<\/em> <em>classroom<\/em>, gamificaci\u00f3n, etc<\/p><\/div><\/div>\t\t\t\r\n\t\t<\/div>\r\n\t\t\t\t<\/div>\n\t\t\t\t\t<\/div>\n\t\t<\/div>\n\t\t\t\t\t<\/div>\n\t\t<\/section>\n\t\t\t\t<section class=\"elementor-section elementor-top-section elementor-element elementor-element-1a804f8 elementor-section-content-middle elementor-section-stretched elementor-section-boxed elementor-section-height-default elementor-section-height-default\" data-id=\"1a804f8\" data-element_type=\"section\" data-e-type=\"section\" data-settings=\"{&quot;stretch_section&quot;:&quot;section-stretched&quot;,&quot;background_background&quot;:&quot;classic&quot;}\">\n\t\t\t\t\t\t\t<div class=\"elementor-background-overlay\"><\/div>\n\t\t\t\t\t\t\t<div class=\"elementor-container elementor-column-gap-default\">\n\t\t\t\t\t<div class=\"elementor-column elementor-col-100 elementor-top-column elementor-element elementor-element-eb2a32d\" data-id=\"eb2a32d\" data-element_type=\"column\" data-e-type=\"column\">\n\t\t\t<div class=\"elementor-widget-wrap elementor-element-populated\">\n\t\t\t\t\t\t<section class=\"elementor-section elementor-inner-section elementor-element elementor-element-9b5ffad elementor-section-boxed elementor-section-height-default elementor-section-height-default\" data-id=\"9b5ffad\" data-element_type=\"section\" data-e-type=\"section\">\n\t\t\t\t\t\t<div class=\"elementor-container elementor-column-gap-default\">\n\t\t\t\t\t<div class=\"elementor-column elementor-col-50 elementor-inner-column elementor-element elementor-element-c687c56\" data-id=\"c687c56\" data-element_type=\"column\" data-e-type=\"column\">\n\t\t\t<div class=\"elementor-widget-wrap elementor-element-populated\">\n\t\t\t\t\t\t<div class=\"elementor-element elementor-element-0217bab animated-fast elementor-invisible elementor-widget elementor-widget-ceasectiontitle\" data-id=\"0217bab\" data-element_type=\"widget\" data-e-type=\"widget\" data-settings=\"{&quot;_animation&quot;:&quot;fadeInUp&quot;}\" data-widget_type=\"ceasectiontitle.default\">\n\t\t\t\t<div class=\"elementor-widget-container\">\n\t\t\t\t\t<div class=\"section-title-wrapper\"><div class=\"title-wrap\"><div class=\"sub-title\">Escr\u00edbenos<\/div><h2 class=\"section-title\">\u00bfNecesitas m\u00e1s informaci\u00f3n?<\/h2><\/div><!-- .title-wrap --><div class=\"section-description\"><p class=\"section-content\">Para cualquier duda puedes ponerte en contacto con nosotros. <\/p><\/div><!-- .section-description --><\/div><!-- .section-title-wrapper -->\t\t\t\t<\/div>\n\t\t\t\t<\/div>\n\t\t\t\t\t<\/div>\n\t\t<\/div>\n\t\t\t\t<div class=\"elementor-column elementor-col-50 elementor-inner-column elementor-element elementor-element-aa7312d\" data-id=\"aa7312d\" data-element_type=\"column\" data-e-type=\"column\">\n\t\t\t<div class=\"elementor-widget-wrap elementor-element-populated\">\n\t\t\t\t\t\t<div class=\"elementor-element elementor-element-a114a41 elementor-align-right elementor-widget__width-inherit sobrenosotros elementor-widget elementor-widget-button\" data-id=\"a114a41\" data-element_type=\"widget\" data-e-type=\"widget\" data-widget_type=\"button.default\">\n\t\t\t\t<div class=\"elementor-widget-container\">\n\t\t\t\t\t\t\t\t\t<div class=\"elementor-button-wrapper\">\n\t\t\t\t\t<a class=\"elementor-button elementor-button-link elementor-size-md\" href=\"https:\/\/www.dealing.es\/contacto\/\">\n\t\t\t\t\t\t<span class=\"elementor-button-content-wrapper\">\n\t\t\t\t\t\t<span class=\"elementor-button-icon\">\n\t\t\t\t<i aria-hidden=\"true\" class=\"ti ti-arrow-top-right\"><\/i>\t\t\t<\/span>\n\t\t\t\t\t\t\t\t\t<span class=\"elementor-button-text\">contacto<\/span>\n\t\t\t\t\t<\/span>\n\t\t\t\t\t<\/a>\n\t\t\t\t<\/div>\n\t\t\t\t\t\t\t\t<\/div>\n\t\t\t\t<\/div>\n\t\t\t\t\t<\/div>\n\t\t<\/div>\n\t\t\t\t\t<\/div>\n\t\t<\/section>\n\t\t\t\t\t<\/div>\n\t\t<\/div>\n\t\t\t\t\t<\/div>\n\t\t<\/section>\n\t\t\t\t<section class=\"elementor-section elementor-top-section elementor-element elementor-element-d39bbda elementor-section-content-middle elementor-section-stretched cus-bg-rem elementor-section-full_width elementor-section-height-default elementor-section-height-default\" data-id=\"d39bbda\" data-element_type=\"section\" data-e-type=\"section\" data-settings=\"{&quot;stretch_section&quot;:&quot;section-stretched&quot;}\">\n\t\t\t\t\t\t\t<div class=\"elementor-background-overlay\"><\/div>\n\t\t\t\t\t\t\t<div class=\"elementor-container elementor-column-gap-default\">\n\t\t\t\t\t<div class=\"elementor-column elementor-col-100 elementor-top-column elementor-element elementor-element-ecd6548\" data-id=\"ecd6548\" data-element_type=\"column\" data-e-type=\"column\">\n\t\t\t<div class=\"elementor-widget-wrap\">\n\t\t\t\t\t\t\t<\/div>\n\t\t<\/div>\n\t\t\t\t\t<\/div>\n\t\t<\/section>\n\t\t\t\t<\/div>\n\t\t","protected":false},"excerpt":{"rendered":"<p>enfoque resultados profesionales Nuestra metodolog\u00eda se centra en un enfoque integral de la formaci\u00f3n en habilidades y competencias interpersonales (soft..<\/p>\n","protected":false},"author":1,"featured_media":0,"parent":0,"menu_order":0,"comment_status":"closed","ping_status":"closed","template":"","meta":{"footnotes":""},"class_list":["post-36023","page","type-page","status-publish","hentry"],"yoast_head":"<!-- This site is optimized with the Yoast SEO plugin v27.4 - https:\/\/yoast.com\/product\/yoast-seo-wordpress\/ -->\n<title>Metodolog\u00eda propia de formaci\u00f3n - Dealing with People<\/title>\n<meta name=\"description\" content=\"Los mejores programas con metodolog\u00eda de formaci\u00f3n empresarial, te ayudamos a desarrollar las habilidades para alcanzar el \u00e9xito.\" \/>\n<meta name=\"robots\" content=\"index, follow, max-snippet:-1, max-image-preview:large, max-video-preview:-1\" \/>\n<link rel=\"canonical\" href=\"https:\/\/www.dealing.es\/es\/la-metodologia\/\" \/>\n<meta property=\"og:locale\" content=\"es_ES\" \/>\n<meta property=\"og:type\" content=\"article\" \/>\n<meta property=\"og:title\" content=\"Metodolog\u00eda propia de formaci\u00f3n - Dealing with People\" \/>\n<meta property=\"og:description\" content=\"Los mejores programas con metodolog\u00eda de formaci\u00f3n empresarial, te ayudamos a desarrollar las habilidades para alcanzar el \u00e9xito.\" \/>\n<meta property=\"og:url\" content=\"https:\/\/www.dealing.es\/es\/la-metodologia\/\" \/>\n<meta property=\"og:site_name\" content=\"Dealing with People\" \/>\n<meta property=\"article:modified_time\" content=\"2025-12-22T08:25:46+00:00\" \/>\n<meta property=\"og:image\" content=\"https:\/\/www.dealing.es\/wp-content\/uploads\/2023\/07\/metodologia-e1688454564567.jpg\" \/>\n<meta name=\"twitter:card\" content=\"summary_large_image\" \/>\n<meta name=\"twitter:label1\" content=\"Tiempo de lectura\" \/>\n\t<meta name=\"twitter:data1\" content=\"3 minutos\" \/>\n<script type=\"application\/ld+json\" class=\"yoast-schema-graph\">{\"@context\":\"https:\\\/\\\/schema.org\",\"@graph\":[{\"@type\":\"WebPage\",\"@id\":\"https:\\\/\\\/www.dealing.es\\\/la-metodologia\\\/\",\"url\":\"https:\\\/\\\/www.dealing.es\\\/es\\\/la-metodologia\\\/\",\"name\":\"Metodolog\u00eda propia de formaci\u00f3n - Dealing with People\",\"isPartOf\":{\"@id\":\"https:\\\/\\\/www.dealing.es\\\/#website\"},\"primaryImageOfPage\":{\"@id\":\"https:\\\/\\\/www.dealing.es\\\/es\\\/la-metodologia\\\/#primaryimage\"},\"image\":{\"@id\":\"https:\\\/\\\/www.dealing.es\\\/es\\\/la-metodologia\\\/#primaryimage\"},\"thumbnailUrl\":\"https:\\\/\\\/www.dealing.es\\\/wp-content\\\/uploads\\\/2023\\\/07\\\/metodologia-e1688454564567.jpg\",\"datePublished\":\"2023-07-03T11:26:33+00:00\",\"dateModified\":\"2025-12-22T08:25:46+00:00\",\"description\":\"Los mejores programas con metodolog\u00eda de formaci\u00f3n empresarial, te ayudamos a desarrollar las habilidades para alcanzar el \u00e9xito.\",\"breadcrumb\":{\"@id\":\"https:\\\/\\\/www.dealing.es\\\/es\\\/la-metodologia\\\/#breadcrumb\"},\"inLanguage\":\"es\",\"potentialAction\":[{\"@type\":\"ReadAction\",\"target\":[\"https:\\\/\\\/www.dealing.es\\\/es\\\/la-metodologia\\\/\"]}]},{\"@type\":\"ImageObject\",\"inLanguage\":\"es\",\"@id\":\"https:\\\/\\\/www.dealing.es\\\/es\\\/la-metodologia\\\/#primaryimage\",\"url\":\"https:\\\/\\\/www.dealing.es\\\/wp-content\\\/uploads\\\/2023\\\/07\\\/metodologia-e1688454564567.jpg\",\"contentUrl\":\"https:\\\/\\\/www.dealing.es\\\/wp-content\\\/uploads\\\/2023\\\/07\\\/metodologia-e1688454564567.jpg\"},{\"@type\":\"BreadcrumbList\",\"@id\":\"https:\\\/\\\/www.dealing.es\\\/es\\\/la-metodologia\\\/#breadcrumb\",\"itemListElement\":[{\"@type\":\"ListItem\",\"position\":1,\"name\":\"Inicio\",\"item\":\"https:\\\/\\\/www.dealing.es\\\/\"},{\"@type\":\"ListItem\",\"position\":2,\"name\":\"La Metodolog\u00eda\"}]},{\"@type\":\"WebSite\",\"@id\":\"https:\\\/\\\/www.dealing.es\\\/#website\",\"url\":\"https:\\\/\\\/www.dealing.es\\\/\",\"name\":\"Dealing with People\",\"description\":\"Expertos en materias como desarrollo profesional, liderazgo, motivaci\u00f3n, gesti\u00f3n de recursos, direcci\u00f3n ejecutiva, y comunicaci\u00f3n empresarial.\",\"publisher\":{\"@id\":\"https:\\\/\\\/www.dealing.es\\\/#organization\"},\"potentialAction\":[{\"@type\":\"SearchAction\",\"target\":{\"@type\":\"EntryPoint\",\"urlTemplate\":\"https:\\\/\\\/www.dealing.es\\\/?s={search_term_string}\"},\"query-input\":{\"@type\":\"PropertyValueSpecification\",\"valueRequired\":true,\"valueName\":\"search_term_string\"}}],\"inLanguage\":\"es\"},{\"@type\":\"Organization\",\"@id\":\"https:\\\/\\\/www.dealing.es\\\/#organization\",\"name\":\"Dealing with People S.L.\",\"url\":\"https:\\\/\\\/www.dealing.es\\\/\",\"logo\":{\"@type\":\"ImageObject\",\"inLanguage\":\"es\",\"@id\":\"https:\\\/\\\/www.dealing.es\\\/#\\\/schema\\\/logo\\\/image\\\/\",\"url\":\"https:\\\/\\\/www.dealing.es\\\/wp-content\\\/uploads\\\/2023\\\/06\\\/logotipo_dealing.png\",\"contentUrl\":\"https:\\\/\\\/www.dealing.es\\\/wp-content\\\/uploads\\\/2023\\\/06\\\/logotipo_dealing.png\",\"width\":3183,\"height\":987,\"caption\":\"Dealing with People S.L.\"},\"image\":{\"@id\":\"https:\\\/\\\/www.dealing.es\\\/#\\\/schema\\\/logo\\\/image\\\/\"},\"sameAs\":[\"https:\\\/\\\/www.linkedin.com\\\/company\\\/dealing-with-people\\\/?trk=public_profile_topcard_current_company&originalSubdomain=es\"]}]}<\/script>\n<!-- \/ Yoast SEO plugin. -->","yoast_head_json":{"title":"Metodolog\u00eda propia de formaci\u00f3n - Dealing with People","description":"Los mejores programas con metodolog\u00eda de formaci\u00f3n empresarial, te ayudamos a desarrollar las habilidades para alcanzar el \u00e9xito.","robots":{"index":"index","follow":"follow","max-snippet":"max-snippet:-1","max-image-preview":"max-image-preview:large","max-video-preview":"max-video-preview:-1"},"canonical":"https:\/\/www.dealing.es\/es\/la-metodologia\/","og_locale":"es_ES","og_type":"article","og_title":"Metodolog\u00eda propia de formaci\u00f3n - Dealing with People","og_description":"Los mejores programas con metodolog\u00eda de formaci\u00f3n empresarial, te ayudamos a desarrollar las habilidades para alcanzar el \u00e9xito.","og_url":"https:\/\/www.dealing.es\/es\/la-metodologia\/","og_site_name":"Dealing with People","article_modified_time":"2025-12-22T08:25:46+00:00","og_image":[{"url":"https:\/\/www.dealing.es\/wp-content\/uploads\/2023\/07\/metodologia-e1688454564567.jpg","type":"","width":"","height":""}],"twitter_card":"summary_large_image","twitter_misc":{"Tiempo de lectura":"3 minutos"},"schema":{"@context":"https:\/\/schema.org","@graph":[{"@type":"WebPage","@id":"https:\/\/www.dealing.es\/la-metodologia\/","url":"https:\/\/www.dealing.es\/es\/la-metodologia\/","name":"Metodolog\u00eda propia de formaci\u00f3n - Dealing with People","isPartOf":{"@id":"https:\/\/www.dealing.es\/#website"},"primaryImageOfPage":{"@id":"https:\/\/www.dealing.es\/es\/la-metodologia\/#primaryimage"},"image":{"@id":"https:\/\/www.dealing.es\/es\/la-metodologia\/#primaryimage"},"thumbnailUrl":"https:\/\/www.dealing.es\/wp-content\/uploads\/2023\/07\/metodologia-e1688454564567.jpg","datePublished":"2023-07-03T11:26:33+00:00","dateModified":"2025-12-22T08:25:46+00:00","description":"Los mejores programas con metodolog\u00eda de formaci\u00f3n empresarial, te ayudamos a desarrollar las habilidades para alcanzar el \u00e9xito.","breadcrumb":{"@id":"https:\/\/www.dealing.es\/es\/la-metodologia\/#breadcrumb"},"inLanguage":"es","potentialAction":[{"@type":"ReadAction","target":["https:\/\/www.dealing.es\/es\/la-metodologia\/"]}]},{"@type":"ImageObject","inLanguage":"es","@id":"https:\/\/www.dealing.es\/es\/la-metodologia\/#primaryimage","url":"https:\/\/www.dealing.es\/wp-content\/uploads\/2023\/07\/metodologia-e1688454564567.jpg","contentUrl":"https:\/\/www.dealing.es\/wp-content\/uploads\/2023\/07\/metodologia-e1688454564567.jpg"},{"@type":"BreadcrumbList","@id":"https:\/\/www.dealing.es\/es\/la-metodologia\/#breadcrumb","itemListElement":[{"@type":"ListItem","position":1,"name":"Inicio","item":"https:\/\/www.dealing.es\/"},{"@type":"ListItem","position":2,"name":"La Metodolog\u00eda"}]},{"@type":"WebSite","@id":"https:\/\/www.dealing.es\/#website","url":"https:\/\/www.dealing.es\/","name":"Dealing with People","description":"Expertos en materias como desarrollo profesional, liderazgo, motivaci\u00f3n, gesti\u00f3n de recursos, direcci\u00f3n ejecutiva, y comunicaci\u00f3n empresarial.","publisher":{"@id":"https:\/\/www.dealing.es\/#organization"},"potentialAction":[{"@type":"SearchAction","target":{"@type":"EntryPoint","urlTemplate":"https:\/\/www.dealing.es\/?s={search_term_string}"},"query-input":{"@type":"PropertyValueSpecification","valueRequired":true,"valueName":"search_term_string"}}],"inLanguage":"es"},{"@type":"Organization","@id":"https:\/\/www.dealing.es\/#organization","name":"Dealing with People S.L.","url":"https:\/\/www.dealing.es\/","logo":{"@type":"ImageObject","inLanguage":"es","@id":"https:\/\/www.dealing.es\/#\/schema\/logo\/image\/","url":"https:\/\/www.dealing.es\/wp-content\/uploads\/2023\/06\/logotipo_dealing.png","contentUrl":"https:\/\/www.dealing.es\/wp-content\/uploads\/2023\/06\/logotipo_dealing.png","width":3183,"height":987,"caption":"Dealing with People S.L."},"image":{"@id":"https:\/\/www.dealing.es\/#\/schema\/logo\/image\/"},"sameAs":["https:\/\/www.linkedin.com\/company\/dealing-with-people\/?trk=public_profile_topcard_current_company&originalSubdomain=es"]}]}},"_links":{"self":[{"href":"https:\/\/www.dealing.es\/es\/wp-json\/wp\/v2\/pages\/36023","targetHints":{"allow":["GET"]}}],"collection":[{"href":"https:\/\/www.dealing.es\/es\/wp-json\/wp\/v2\/pages"}],"about":[{"href":"https:\/\/www.dealing.es\/es\/wp-json\/wp\/v2\/types\/page"}],"author":[{"embeddable":true,"href":"https:\/\/www.dealing.es\/es\/wp-json\/wp\/v2\/users\/1"}],"replies":[{"embeddable":true,"href":"https:\/\/www.dealing.es\/es\/wp-json\/wp\/v2\/comments?post=36023"}],"version-history":[{"count":150,"href":"https:\/\/www.dealing.es\/es\/wp-json\/wp\/v2\/pages\/36023\/revisions"}],"predecessor-version":[{"id":39014,"href":"https:\/\/www.dealing.es\/es\/wp-json\/wp\/v2\/pages\/36023\/revisions\/39014"}],"wp:attachment":[{"href":"https:\/\/www.dealing.es\/es\/wp-json\/wp\/v2\/media?parent=36023"}],"curies":[{"name":"wp","href":"https:\/\/api.w.org\/{rel}","templated":true}]}}