{"id":35832,"date":"2023-06-30T12:06:07","date_gmt":"2023-06-30T12:06:07","guid":{"rendered":"https:\/\/www.dealing.es\/?page_id=35832"},"modified":"2026-01-05T11:14:41","modified_gmt":"2026-01-05T11:14:41","slug":"trabaja-con-nosotros","status":"publish","type":"page","link":"https:\/\/www.dealing.es\/es\/trabaja-con-nosotros\/","title":{"rendered":"Trabaja con nosotros"},"content":{"rendered":"\t\t<div data-elementor-type=\"wp-page\" data-elementor-id=\"35832\" class=\"elementor elementor-35832\">\n\t\t\t\t\t\t<section class=\"elementor-section elementor-top-section elementor-element elementor-element-9ae6094 elementor-section-stretched elementor-section-content-middle elementor-section-boxed elementor-section-height-default elementor-section-height-default\" data-id=\"9ae6094\" data-element_type=\"section\" data-e-type=\"section\" data-settings=\"{&quot;stretch_section&quot;:&quot;section-stretched&quot;,&quot;background_background&quot;:&quot;classic&quot;}\">\n\t\t\t\t\t\t\t<div class=\"elementor-background-overlay\"><\/div>\n\t\t\t\t\t\t\t<div class=\"elementor-container elementor-column-gap-wide\">\n\t\t\t\t\t<div class=\"elementor-column elementor-col-50 elementor-top-column elementor-element elementor-element-f8f7c2b\" data-id=\"f8f7c2b\" data-element_type=\"column\" data-e-type=\"column\" data-settings=\"{&quot;background_background&quot;:&quot;classic&quot;}\">\n\t\t\t<div class=\"elementor-widget-wrap elementor-element-populated\">\n\t\t\t\t\t\t<div class=\"elementor-element elementor-element-63dbc96 animated-fast cea-tablet-align-left elementor-invisible elementor-widget elementor-widget-ceasectiontitle\" data-id=\"63dbc96\" data-element_type=\"widget\" data-e-type=\"widget\" data-settings=\"{&quot;_animation&quot;:&quot;fadeInUp&quot;}\" data-widget_type=\"ceasectiontitle.default\">\n\t\t\t\t<div class=\"elementor-widget-container\">\n\t\t\t\t\t<div class=\"section-title-wrapper\"><div class=\"title-wrap\"><h4 class=\"section-title\">\u00a1no dudes en enviarnos tu CV!<\/h4><\/div><!-- .title-wrap --><div class=\"section-description\"><p class=\"section-content\">\u00bfTienes una idea o proyecto?\n\u00bfQuieres trabajar con nosotros?\nCumplimenta el formulario, cu\u00e9ntanos que nos puedes ofrecer, adjunta tu cv y te contactaremos tan pronto como nos sea posible.<\/p><\/div><!-- .section-description --><\/div><!-- .section-title-wrapper -->\t\t\t\t<\/div>\n\t\t\t\t<\/div>\n\t\t\t\t<div class=\"elementor-element elementor-element-51143b6 elementor-widget elementor-widget-contactform\" data-id=\"51143b6\" data-element_type=\"widget\" data-e-type=\"widget\" data-widget_type=\"contactform.default\">\n\t\t\t\t<div class=\"elementor-widget-container\">\n\t\t\t\t\t<div class=\"contact-form-wrapper cf-style-default\"><div class=\"contact-form\">\n<div class=\"wpcf7 no-js\" id=\"wpcf7-f15411-o1\" lang=\"en-US\" dir=\"ltr\" data-wpcf7-id=\"15411\">\n<div class=\"screen-reader-response\"><p role=\"status\" aria-live=\"polite\" aria-atomic=\"true\"><\/p> <ul><\/ul><\/div>\n<form action=\"\/es\/wp-json\/wp\/v2\/pages\/35832#wpcf7-f15411-o1\" method=\"post\" class=\"wpcf7-form init wpcf7-acceptance-as-validation\" aria-label=\"Contact form\" enctype=\"multipart\/form-data\" novalidate=\"novalidate\" data-status=\"init\">\n<fieldset class=\"hidden-fields-container\"><input type=\"hidden\" name=\"_wpcf7\" value=\"15411\" \/><input type=\"hidden\" name=\"_wpcf7_version\" value=\"6.1.5\" \/><input type=\"hidden\" name=\"_wpcf7_locale\" value=\"en_US\" \/><input type=\"hidden\" name=\"_wpcf7_unit_tag\" value=\"wpcf7-f15411-o1\" \/><input type=\"hidden\" name=\"_wpcf7_container_post\" value=\"0\" \/><input type=\"hidden\" name=\"_wpcf7_posted_data_hash\" value=\"\" \/><input type=\"hidden\" name=\"_wpcf7_recaptcha_response\" value=\"\" \/>\n<\/fieldset>\n<div class=\"row\">\n\t<div class=\"col-12\">\n\t\t<p><span class=\"wpcf7-form-control-wrap\" data-name=\"your-name\"><input size=\"40\" maxlength=\"400\" class=\"wpcf7-form-control wpcf7-text wpcf7-validates-as-required\" aria-required=\"true\" aria-invalid=\"false\" placeholder=\"Nombre y apellidos*\" value=\"\" type=\"text\" name=\"your-name\" \/><\/span>\n\t\t<\/p>\n\t<\/div>\n\t<div class=\"col-md-6\">\n\t\t<p><span class=\"wpcf7-form-control-wrap\" data-name=\"your-email\"><input size=\"40\" maxlength=\"400\" class=\"wpcf7-form-control wpcf7-email wpcf7-validates-as-required wpcf7-text wpcf7-validates-as-email\" aria-required=\"true\" aria-invalid=\"false\" placeholder=\"Email *\" value=\"\" type=\"email\" name=\"your-email\" \/><\/span>\n\t\t<\/p>\n\t<\/div>\n\t<div class=\"col-md-6\">\n\t\t<p><span class=\"wpcf7-form-control-wrap\" data-name=\"tel-274\"><input size=\"40\" maxlength=\"400\" class=\"wpcf7-form-control wpcf7-tel wpcf7-text wpcf7-validates-as-tel\" aria-invalid=\"false\" placeholder=\"Tel\u00e9fono\" value=\"\" type=\"tel\" name=\"tel-274\" \/><\/span>\n\t\t<\/p>\n\t<\/div>\n\t<div class=\"col-md-12\">\n\t\t<p><span class=\"wpcf7-form-control-wrap\" data-name=\"your-country\"><input size=\"40\" maxlength=\"400\" class=\"wpcf7-form-control wpcf7-text wpcf7-validates-as-required\" aria-required=\"true\" aria-invalid=\"false\" placeholder=\"Pa\u00eds de residencia actual (ciudad y pa\u00eds) *\" value=\"\" type=\"text\" name=\"your-country\" \/><\/span>\n\t\t<\/p>\n\t<\/div>\n\t<div class=\"col-md-12\">\n\t\t<p><span class=\"wpcf7-form-control-wrap\" data-name=\"your-message\"><textarea cols=\"40\" rows=\"10\" maxlength=\"2000\" class=\"wpcf7-form-control wpcf7-textarea\" aria-invalid=\"false\" placeholder=\"Cu\u00e9ntanos brevemente tus motivos para unirte a nuestra empresa *\" name=\"your-message\"><\/textarea><\/span>\n\t\t<\/p>\n\t<\/div>\n\t<div class=\"col-12\">\n\t\t<p><span class=\"wpcf7-form-control-wrap\" data-name=\"file-606\"><input size=\"40\" class=\"wpcf7-form-control wpcf7-file wpcf7-validates-as-required\" id=\"AdjuntarCV\" accept=\".jpg,.pdf,.png,.doc\" aria-required=\"true\" aria-invalid=\"false\" type=\"file\" name=\"file-606\" \/><\/span>\n\t\t<\/p>\n\t<\/div>\n\t<div class=\"col-md-12 mt-3\" style=\"margin-bottom: 20px\">\n\t\t<p style=\"float: left; margin: -4px 10px; height: 10px\"><span class=\"wpcf7-form-control-wrap\" data-name=\"acceptance-364\"><span class=\"wpcf7-form-control wpcf7-acceptance\"><span class=\"wpcf7-list-item\"><input type=\"checkbox\" name=\"acceptance-364\" value=\"1\" aria-invalid=\"false\" \/><\/span><\/span><\/span>\n\t\t<\/p>\n\t\t<p style=\"margin-top: 8px;margin-left: 49px;\">He le\u00eddo y acepto la <a href=\"https:\/\/www.dealing.es\/politica-privacidad\/\">Pol\u00edtica de privacidad<\/a> en relaci\u00f3n con el env\u00edo de CV.\n\t\t<\/p>\n\t<\/div>\n<\/div>\n<p><input class=\"wpcf7-form-control wpcf7-submit has-spinner\" id=\"botontrabaja\" type=\"submit\" value=\"enviar\" \/>\n<\/p><div class=\"wpcf7-response-output\" aria-hidden=\"true\"><\/div>\n<\/form>\n<\/div>\n<\/div><!-- .contact-form --><\/div><!-- .contact-form-wrapper -->\t\t\t\t<\/div>\n\t\t\t\t<\/div>\n\t\t\t\t<div class=\"elementor-element elementor-element-7687534 elementor-widget elementor-widget-text-editor\" data-id=\"7687534\" data-element_type=\"widget\" data-e-type=\"widget\" data-widget_type=\"text-editor.default\">\n\t\t\t\t<div class=\"elementor-widget-container\">\n\t\t\t\t\t\t\t\t\t<p>Al enviar este email, ENTIENDO Y ACEPTO el siguiente Aviso legal:<\/p><p>DEALING WITH PEOPLE, S.L. es el Responsable del tratamiento de tus datos personales (en adelante, el \u201cResponsable\u201d) con la finalidad de gestionar el proceso de selecci\u00f3n y analizar tu candidatura y en base a su consentimiento abajo formalizado.\u00a0 Los datos almacenados solo ser\u00e1n accesibles por los administradores de Recursos Humanos (en adelante \u201cRRHH\u201d).<\/p><p>Solo comunicaremos su informaci\u00f3n personal, si fuese necesario, a<\/p><ul><li>Aquellos terceros proveedores que presten alg\u00fan servicio al Responsable, relacionado con la gesti\u00f3n de los procesos de selecci\u00f3n y que requieran los datos de identidad, formaci\u00f3n y\/o experiencia laboral para la correcta gesti\u00f3n del mencionado servicio.<\/li><li>Aquellos organismos p\u00fablicos competentes para reclamarlos y\/o para el cumplimiento de obligaciones legales.<\/li><\/ul><p>Tus datos personales ser\u00e1n conservados por el tiempo que se mantenga en marcha el proceso de selecci\u00f3n.<\/p><p>Una vez finalizado dicho proceso, o en el caso de candidatura espont\u00e1nea, sus datos ser\u00e1n conservados por un plazo de un a\u00f1o.<\/p><p>Usted podr\u00e1 ejercer sus derechos de acceso, rectificaci\u00f3n, supresi\u00f3n, oposici\u00f3n, portabilidad y limitaci\u00f3n del tratamiento, dirigi\u00e9ndose a:\u00a0C\/ Bah\u00eda de Pollensa, 11. 1\u00aa planta, Edificio Empresarial Coronales, 28042 Madrid o a\u00a0<a href=\"mailto:dpd@dealingwithpeople.es\">dpd@dealingwithpeople.es<\/a><\/p><p>Puede acceder a informaci\u00f3n adicional requerida por la normativa aplicable, y en especial, a informaci\u00f3n sobre el tratamiento de los datos, y los destinatarios de los datos, a trav\u00e9s de la pol\u00edtica de privacidad de la p\u00e1gina web.<\/p><p>En caso de entender que DEALING WITH PEOPLE, no ha resuelto correctamente su solicitud, puede dirigirse a solicitar la tutela de la Agencia Espa\u00f1ola de Protecci\u00f3n de Datos, cuyos datos puede consultar en\u00a0<a href=\"http:\/\/www.aepd.es\/\">www.aepd.es<\/a>\u201d<\/p><p>En cumplimiento de la Ley 34\/2002, de 11 de julio, de Servicios de la Sociedad de la Informaci\u00f3n y Comercio Electr\u00f3nico (en adelante LSSI), con la aceptaci\u00f3n de la presente pol\u00edtica de privacidad Ud. consiente expresamente en que los env\u00edos se realicen a trav\u00e9s de medios electr\u00f3nicos. Puede darse de baja enviando un e-mail a la direcci\u00f3n de e-mail arriba indicada.<\/p>\t\t\t\t\t\t\t\t<\/div>\n\t\t\t\t<\/div>\n\t\t\t\t\t<\/div>\n\t\t<\/div>\n\t\t\t\t<div class=\"elementor-column elementor-col-50 elementor-top-column elementor-element elementor-element-7b535b6\" data-id=\"7b535b6\" data-element_type=\"column\" data-e-type=\"column\">\n\t\t\t<div class=\"elementor-widget-wrap elementor-element-populated\">\n\t\t\t\t\t\t<div class=\"elementor-element elementor-element-4ca78db animated-fast cea-tablet-align-left elementor-invisible elementor-widget elementor-widget-ceasectiontitle\" data-id=\"4ca78db\" data-element_type=\"widget\" data-e-type=\"widget\" data-settings=\"{&quot;_animation&quot;:&quot;fadeInUp&quot;}\" data-widget_type=\"ceasectiontitle.default\">\n\t\t\t\t<div class=\"elementor-widget-container\">\n\t\t\t\t\t<div class=\"section-title-wrapper\"><div class=\"title-wrap\"><h4 class=\"section-title\">nuestras oficinas<\/h4><\/div><!-- .title-wrap --><div class=\"section-description\"><\/div><!-- .section-description --><\/div><!-- .section-title-wrapper -->\t\t\t\t<\/div>\n\t\t\t\t<\/div>\n\t\t\t\t<div class=\"elementor-element elementor-element-729e729 animated-fast cea-tablet-align-left elementor-invisible elementor-widget elementor-widget-ceasectiontitle\" data-id=\"729e729\" data-element_type=\"widget\" data-e-type=\"widget\" data-settings=\"{&quot;_animation&quot;:&quot;fadeInUp&quot;}\" data-widget_type=\"ceasectiontitle.default\">\n\t\t\t\t<div class=\"elementor-widget-container\">\n\t\t\t\t\t<div class=\"section-title-wrapper\"><div class=\"title-wrap\"><h6 class=\"section-title\">Espa\u00f1a<\/h6><\/div><!-- .title-wrap --><div class=\"section-description\"><\/div><!-- .section-description --><\/div><!-- .section-title-wrapper -->\t\t\t\t<\/div>\n\t\t\t\t<\/div>\n\t\t\t\t<div class=\"elementor-element elementor-element-8a3349c elementor-widget elementor-widget-text-editor\" data-id=\"8a3349c\" data-element_type=\"widget\" data-e-type=\"widget\" data-widget_type=\"text-editor.default\">\n\t\t\t\t<div class=\"elementor-widget-container\">\n\t\t\t\t\t\t\t\t\t<p>C\/ Bah\u00eda de Pollensa, 11. 1\u00aa planta.<\/p><p>Edificio Empresarial Coronales.<\/p>\n<p>28042 Madrid<\/p>\t\t\t\t\t\t\t\t<\/div>\n\t\t\t\t<\/div>\n\t\t\t\t<div class=\"elementor-element elementor-element-f8c4c9c elementor-widget-divider--view-line elementor-widget elementor-widget-divider\" data-id=\"f8c4c9c\" data-element_type=\"widget\" data-e-type=\"widget\" data-widget_type=\"divider.default\">\n\t\t\t\t<div class=\"elementor-widget-container\">\n\t\t\t\t\t\t\t<div class=\"elementor-divider\">\n\t\t\t<span class=\"elementor-divider-separator\">\n\t\t\t\t\t\t<\/span>\n\t\t<\/div>\n\t\t\t\t\t\t<\/div>\n\t\t\t\t<\/div>\n\t\t\t\t<div class=\"elementor-element elementor-element-d8297f9 elementor-widget elementor-widget-text-editor\" data-id=\"d8297f9\" data-element_type=\"widget\" data-e-type=\"widget\" data-widget_type=\"text-editor.default\">\n\t\t\t\t<div class=\"elementor-widget-container\">\n\t\t\t\t\t\t\t\t\tGracias a N.E.W.S. Navigation, presentes en Australia, Austria, B\u00e9lgica, Brasil, Chile, China, Colombia, Costa Rica, Rep\u00fablica Dominicana, Ecuador, El Salvador, Francia, Alemania, Grecia, Hungr\u00eda, India, Irlanda, Israel, Italia, Jap\u00f3n, Corea del Sur, Liechtenstein, Luxemburgo, Malaysia, M\u00e9xico, Pa\u00edses Bajos, Panam\u00e1, Polonia, Portugal, Puerto Rico, Romania, Singapur, Suiza, Tailandia, Reino Unido, Estados Unidos, Vietnam\t\t\t\t\t\t\t\t<\/div>\n\t\t\t\t<\/div>\n\t\t\t\t<div class=\"elementor-element elementor-element-3035c93 elementor-widget elementor-widget-spacer\" data-id=\"3035c93\" data-element_type=\"widget\" data-e-type=\"widget\" data-widget_type=\"spacer.default\">\n\t\t\t\t<div class=\"elementor-widget-container\">\n\t\t\t\t\t\t\t<div class=\"elementor-spacer\">\n\t\t\t<div class=\"elementor-spacer-inner\"><\/div>\n\t\t<\/div>\n\t\t\t\t\t\t<\/div>\n\t\t\t\t<\/div>\n\t\t\t\t\t<\/div>\n\t\t<\/div>\n\t\t\t\t\t<\/div>\n\t\t<\/section>\n\t\t\t\t<\/div>\n\t\t","protected":false},"excerpt":{"rendered":"<p>\u00a1no dudes en enviarnos tu CV! \u00bfTienes una idea o proyecto? \u00bfQuieres trabajar con nosotros? Cumplimenta el formulario, cu\u00e9ntanos que..<\/p>\n","protected":false},"author":1,"featured_media":0,"parent":0,"menu_order":0,"comment_status":"closed","ping_status":"closed","template":"","meta":{"footnotes":""},"class_list":["post-35832","page","type-page","status-publish","hentry"],"yoast_head":"<!-- This site is optimized with the Yoast SEO plugin v27.4 - https:\/\/yoast.com\/product\/yoast-seo-wordpress\/ -->\n<title>Trabaja con nosotros - Dealing with People<\/title>\n<meta name=\"description\" content=\"\u00bfTienes una idea o proyecto? \u00bfQuieres trabajar con nosotros? Cu\u00e9ntanos que nos puedes ofrecer, \u00a1no dudes en enviarnos tu cv!\" \/>\n<meta name=\"robots\" content=\"index, follow, max-snippet:-1, max-image-preview:large, max-video-preview:-1\" \/>\n<link rel=\"canonical\" href=\"https:\/\/www.dealing.es\/es\/trabaja-con-nosotros\" \/>\n<meta property=\"og:locale\" content=\"es_ES\" \/>\n<meta property=\"og:type\" content=\"article\" \/>\n<meta property=\"og:title\" content=\"Trabaja con nosotros - Dealing with People\" \/>\n<meta property=\"og:description\" content=\"\u00bfTienes una idea o proyecto? \u00bfQuieres trabajar con nosotros? Cu\u00e9ntanos que nos puedes ofrecer, \u00a1no dudes en enviarnos tu cv!\" \/>\n<meta property=\"og:url\" content=\"https:\/\/www.dealing.es\/es\/trabaja-con-nosotros\" \/>\n<meta property=\"og:site_name\" content=\"Dealing with People\" \/>\n<meta property=\"article:modified_time\" content=\"2026-01-05T11:14:41+00:00\" \/>\n<meta property=\"og:image\" content=\"https:\/\/www.dealing.es\/wp-content\/uploads\/2023\/06\/cropped-isotipo_dealing-1.png\" \/>\n\t<meta property=\"og:image:width\" content=\"512\" \/>\n\t<meta property=\"og:image:height\" content=\"512\" \/>\n\t<meta property=\"og:image:type\" content=\"image\/png\" \/>\n<meta name=\"twitter:card\" content=\"summary_large_image\" \/>\n<meta name=\"twitter:label1\" content=\"Tiempo de lectura\" \/>\n\t<meta name=\"twitter:data1\" content=\"2 minutos\" \/>\n<script type=\"application\/ld+json\" class=\"yoast-schema-graph\">{\"@context\":\"https:\\\/\\\/schema.org\",\"@graph\":[{\"@type\":\"WebPage\",\"@id\":\"https:\\\/\\\/www.dealing.es\\\/trabaja-con-nosotros\\\/\",\"url\":\"https:\\\/\\\/www.dealing.es\\\/es\\\/trabaja-con-nosotros\",\"name\":\"Trabaja con nosotros - Dealing with People\",\"isPartOf\":{\"@id\":\"https:\\\/\\\/www.dealing.es\\\/#website\"},\"datePublished\":\"2023-06-30T12:06:07+00:00\",\"dateModified\":\"2026-01-05T11:14:41+00:00\",\"description\":\"\u00bfTienes una idea o proyecto? \u00bfQuieres trabajar con nosotros? Cu\u00e9ntanos que nos puedes ofrecer, \u00a1no dudes en enviarnos tu cv!\",\"breadcrumb\":{\"@id\":\"https:\\\/\\\/www.dealing.es\\\/es\\\/trabaja-con-nosotros#breadcrumb\"},\"inLanguage\":\"es\",\"potentialAction\":[{\"@type\":\"ReadAction\",\"target\":[\"https:\\\/\\\/www.dealing.es\\\/es\\\/trabaja-con-nosotros\"]}]},{\"@type\":\"BreadcrumbList\",\"@id\":\"https:\\\/\\\/www.dealing.es\\\/es\\\/trabaja-con-nosotros#breadcrumb\",\"itemListElement\":[{\"@type\":\"ListItem\",\"position\":1,\"name\":\"Inicio\",\"item\":\"https:\\\/\\\/www.dealing.es\\\/\"},{\"@type\":\"ListItem\",\"position\":2,\"name\":\"Trabaja con nosotros\"}]},{\"@type\":\"WebSite\",\"@id\":\"https:\\\/\\\/www.dealing.es\\\/#website\",\"url\":\"https:\\\/\\\/www.dealing.es\\\/\",\"name\":\"Dealing with People\",\"description\":\"Expertos en materias como desarrollo profesional, liderazgo, motivaci\u00f3n, gesti\u00f3n de recursos, direcci\u00f3n ejecutiva, y comunicaci\u00f3n empresarial.\",\"publisher\":{\"@id\":\"https:\\\/\\\/www.dealing.es\\\/#organization\"},\"potentialAction\":[{\"@type\":\"SearchAction\",\"target\":{\"@type\":\"EntryPoint\",\"urlTemplate\":\"https:\\\/\\\/www.dealing.es\\\/?s={search_term_string}\"},\"query-input\":{\"@type\":\"PropertyValueSpecification\",\"valueRequired\":true,\"valueName\":\"search_term_string\"}}],\"inLanguage\":\"es\"},{\"@type\":\"Organization\",\"@id\":\"https:\\\/\\\/www.dealing.es\\\/#organization\",\"name\":\"Dealing with People S.L.\",\"url\":\"https:\\\/\\\/www.dealing.es\\\/\",\"logo\":{\"@type\":\"ImageObject\",\"inLanguage\":\"es\",\"@id\":\"https:\\\/\\\/www.dealing.es\\\/#\\\/schema\\\/logo\\\/image\\\/\",\"url\":\"https:\\\/\\\/www.dealing.es\\\/wp-content\\\/uploads\\\/2023\\\/06\\\/logotipo_dealing.png\",\"contentUrl\":\"https:\\\/\\\/www.dealing.es\\\/wp-content\\\/uploads\\\/2023\\\/06\\\/logotipo_dealing.png\",\"width\":3183,\"height\":987,\"caption\":\"Dealing with People S.L.\"},\"image\":{\"@id\":\"https:\\\/\\\/www.dealing.es\\\/#\\\/schema\\\/logo\\\/image\\\/\"},\"sameAs\":[\"https:\\\/\\\/www.linkedin.com\\\/company\\\/dealing-with-people\\\/?trk=public_profile_topcard_current_company&originalSubdomain=es\"]}]}<\/script>\n<!-- \/ Yoast SEO plugin. -->","yoast_head_json":{"title":"Trabaja con nosotros - Dealing with People","description":"\u00bfTienes una idea o proyecto? \u00bfQuieres trabajar con nosotros? Cu\u00e9ntanos que nos puedes ofrecer, \u00a1no dudes en enviarnos tu cv!","robots":{"index":"index","follow":"follow","max-snippet":"max-snippet:-1","max-image-preview":"max-image-preview:large","max-video-preview":"max-video-preview:-1"},"canonical":"https:\/\/www.dealing.es\/es\/trabaja-con-nosotros","og_locale":"es_ES","og_type":"article","og_title":"Trabaja con nosotros - Dealing with People","og_description":"\u00bfTienes una idea o proyecto? \u00bfQuieres trabajar con nosotros? Cu\u00e9ntanos que nos puedes ofrecer, \u00a1no dudes en enviarnos tu cv!","og_url":"https:\/\/www.dealing.es\/es\/trabaja-con-nosotros","og_site_name":"Dealing with People","article_modified_time":"2026-01-05T11:14:41+00:00","og_image":[{"width":512,"height":512,"url":"https:\/\/www.dealing.es\/wp-content\/uploads\/2023\/06\/cropped-isotipo_dealing-1.png","type":"image\/png"}],"twitter_card":"summary_large_image","twitter_misc":{"Tiempo de lectura":"2 minutos"},"schema":{"@context":"https:\/\/schema.org","@graph":[{"@type":"WebPage","@id":"https:\/\/www.dealing.es\/trabaja-con-nosotros\/","url":"https:\/\/www.dealing.es\/es\/trabaja-con-nosotros","name":"Trabaja con nosotros - Dealing with People","isPartOf":{"@id":"https:\/\/www.dealing.es\/#website"},"datePublished":"2023-06-30T12:06:07+00:00","dateModified":"2026-01-05T11:14:41+00:00","description":"\u00bfTienes una idea o proyecto? \u00bfQuieres trabajar con nosotros? Cu\u00e9ntanos que nos puedes ofrecer, \u00a1no dudes en enviarnos tu cv!","breadcrumb":{"@id":"https:\/\/www.dealing.es\/es\/trabaja-con-nosotros#breadcrumb"},"inLanguage":"es","potentialAction":[{"@type":"ReadAction","target":["https:\/\/www.dealing.es\/es\/trabaja-con-nosotros"]}]},{"@type":"BreadcrumbList","@id":"https:\/\/www.dealing.es\/es\/trabaja-con-nosotros#breadcrumb","itemListElement":[{"@type":"ListItem","position":1,"name":"Inicio","item":"https:\/\/www.dealing.es\/"},{"@type":"ListItem","position":2,"name":"Trabaja con nosotros"}]},{"@type":"WebSite","@id":"https:\/\/www.dealing.es\/#website","url":"https:\/\/www.dealing.es\/","name":"Dealing with People","description":"Expertos en materias como desarrollo profesional, liderazgo, motivaci\u00f3n, gesti\u00f3n de recursos, direcci\u00f3n ejecutiva, y comunicaci\u00f3n empresarial.","publisher":{"@id":"https:\/\/www.dealing.es\/#organization"},"potentialAction":[{"@type":"SearchAction","target":{"@type":"EntryPoint","urlTemplate":"https:\/\/www.dealing.es\/?s={search_term_string}"},"query-input":{"@type":"PropertyValueSpecification","valueRequired":true,"valueName":"search_term_string"}}],"inLanguage":"es"},{"@type":"Organization","@id":"https:\/\/www.dealing.es\/#organization","name":"Dealing with People S.L.","url":"https:\/\/www.dealing.es\/","logo":{"@type":"ImageObject","inLanguage":"es","@id":"https:\/\/www.dealing.es\/#\/schema\/logo\/image\/","url":"https:\/\/www.dealing.es\/wp-content\/uploads\/2023\/06\/logotipo_dealing.png","contentUrl":"https:\/\/www.dealing.es\/wp-content\/uploads\/2023\/06\/logotipo_dealing.png","width":3183,"height":987,"caption":"Dealing with People S.L."},"image":{"@id":"https:\/\/www.dealing.es\/#\/schema\/logo\/image\/"},"sameAs":["https:\/\/www.linkedin.com\/company\/dealing-with-people\/?trk=public_profile_topcard_current_company&originalSubdomain=es"]}]}},"_links":{"self":[{"href":"https:\/\/www.dealing.es\/es\/wp-json\/wp\/v2\/pages\/35832","targetHints":{"allow":["GET"]}}],"collection":[{"href":"https:\/\/www.dealing.es\/es\/wp-json\/wp\/v2\/pages"}],"about":[{"href":"https:\/\/www.dealing.es\/es\/wp-json\/wp\/v2\/types\/page"}],"author":[{"embeddable":true,"href":"https:\/\/www.dealing.es\/es\/wp-json\/wp\/v2\/users\/1"}],"replies":[{"embeddable":true,"href":"https:\/\/www.dealing.es\/es\/wp-json\/wp\/v2\/comments?post=35832"}],"version-history":[{"count":32,"href":"https:\/\/www.dealing.es\/es\/wp-json\/wp\/v2\/pages\/35832\/revisions"}],"predecessor-version":[{"id":39123,"href":"https:\/\/www.dealing.es\/es\/wp-json\/wp\/v2\/pages\/35832\/revisions\/39123"}],"wp:attachment":[{"href":"https:\/\/www.dealing.es\/es\/wp-json\/wp\/v2\/media?parent=35832"}],"curies":[{"name":"wp","href":"https:\/\/api.w.org\/{rel}","templated":true}]}}