{"id":10973,"date":"2021-08-31T10:16:48","date_gmt":"2021-08-31T10:16:48","guid":{"rendered":"https:\/\/elementor.zozothemes.com\/corpkit\/contact-copy\/"},"modified":"2025-12-23T12:57:21","modified_gmt":"2025-12-23T12:57:21","slug":"equipo","status":"publish","type":"page","link":"https:\/\/www.dealing.es\/es\/equipo\/","title":{"rendered":"Equipo"},"content":{"rendered":"\t\t<div data-elementor-type=\"wp-page\" data-elementor-id=\"10973\" class=\"elementor elementor-10973\">\n\t\t\t\t\t\t<section class=\"elementor-section elementor-top-section elementor-element elementor-element-0f96875 elementor-section-content-top elementor-section-boxed elementor-section-height-default elementor-section-height-default\" data-id=\"0f96875\" data-element_type=\"section\" data-e-type=\"section\">\n\t\t\t\t\t\t<div class=\"elementor-container elementor-column-gap-default\">\n\t\t\t\t\t<div class=\"elementor-column elementor-col-100 elementor-top-column elementor-element elementor-element-c23f4d0\" data-id=\"c23f4d0\" data-element_type=\"column\" data-e-type=\"column\">\n\t\t\t<div class=\"elementor-widget-wrap elementor-element-populated\">\n\t\t\t\t\t\t<div class=\"elementor-element elementor-element-b86486e elementor-widget elementor-widget-text-editor\" data-id=\"b86486e\" data-element_type=\"widget\" data-e-type=\"widget\" data-widget_type=\"text-editor.default\">\n\t\t\t\t<div class=\"elementor-widget-container\">\n\t\t\t\t\t\t\t\t\tEl equipo de <strong>Dealing<\/strong> <strong>with<\/strong> <strong>People<\/strong> siente pasi\u00f3n por el \u00e9xito de nuestros clientes. Sabemos que <b>nuestra misi\u00f3n es garantizar la mejor formaci\u00f3n en habilidades y competencias<\/b> que lleve a las personas a desarrollar su pleno potencial.\t\t\t\t\t\t\t\t<\/div>\n\t\t\t\t<\/div>\n\t\t\t\t\t<\/div>\n\t\t<\/div>\n\t\t\t\t\t<\/div>\n\t\t<\/section>\n\t\t\t\t<section class=\"elementor-section elementor-top-section elementor-element elementor-element-e9cd0a6 elementor-section-content-middle elementor-section-full_width elementor-section-height-default elementor-section-height-default\" data-id=\"e9cd0a6\" data-element_type=\"section\" data-e-type=\"section\">\n\t\t\t\t\t\t<div class=\"elementor-container elementor-column-gap-extended\">\n\t\t\t\t\t<div class=\"elementor-column elementor-col-100 elementor-top-column elementor-element elementor-element-1554b18\" data-id=\"1554b18\" data-element_type=\"column\" data-e-type=\"column\">\n\t\t\t<div class=\"elementor-widget-wrap elementor-element-populated\">\n\t\t\t\t\t\t<div class=\"elementor-element elementor-element-02d7e1b elementor-widget elementor-widget-ceateam\" data-id=\"02d7e1b\" data-element_type=\"widget\" data-e-type=\"widget\" data-widget_type=\"ceateam.default\">\n\t\t\t\t\r\n\t\t<div class=\"elementor-widget-container team-wrapper team-style-modern team-light team-normal-model\">\r\n\t\t\r\n\t\t\t<div class=\"row\"><div class=\"col-lg-4 col-md-4\" ><div class=\"team-inner\"><div class=\"post-thumb\"><a href=\"https:\/\/www.dealing.es\/es\/team\/belen-basteiro\/\" class=\"post-image-link\"><img decoding=\"async\" src=\"https:\/\/www.dealing.es\/wp-content\/uploads\/2023\/06\/BB-NUEVA.jpg\" title=\"BB NUEVA\" alt=\"\" class=\"img-fluid rounded\" \/><\/a><\/div><!-- .post-thumb --><div class=\"entry-title\"><h4 class=\"post-title-head\"><a href=\"https:\/\/www.dealing.es\/es\/team\/belen-basteiro\/\" class=\"post-title\">Bel\u00e9n Basteiro<\/a><\/h4><\/div><!-- .entry-title --><div class=\"team-designation\">Socia Directora<\/div><!-- .team-designation --><div class=\"post-excerpt\"><p>Nuestra especialista en oratoria empresarial, presentaciones con impacto, coaching ejecutivo y liderazgo.<\/p>\n<\/div><!-- .post-excerpt --><\/div><!-- .team-inner --><\/div><!-- .col \/ .owl-carousel-item \/ .isotope --><div class=\"col-lg-4 col-md-4\" ><div class=\"team-inner\"><div class=\"post-thumb\"><a href=\"https:\/\/www.dealing.es\/es\/team\/javier-moreno\/\" class=\"post-image-link\"><img decoding=\"async\" src=\"https:\/\/www.dealing.es\/wp-content\/uploads\/2023\/07\/javier-moreno.jpg\" title=\"javier-moreno\" alt=\"\" class=\"img-fluid rounded img-fluid rounded\" \/><\/a><\/div><!-- .post-thumb --><div class=\"entry-title\"><h4 class=\"post-title-head\"><a href=\"https:\/\/www.dealing.es\/es\/team\/javier-moreno\/\" class=\"post-title\">Javier Moreno<\/a><\/h4><\/div><!-- .entry-title --><div class=\"team-designation\">Socio Director<\/div><!-- .team-designation --><div class=\"post-excerpt\"><p>Nuestro especialista en estrategia, toma de decisiones, alta direcci\u00f3n, coaching ejecutivo y liderazgo.<\/p>\n<\/div><!-- .post-excerpt --><\/div><!-- .team-inner --><\/div><!-- .col \/ .owl-carousel-item \/ .isotope --><div class=\"col-lg-4 col-md-4\" ><div class=\"team-inner\"><div class=\"post-thumb\"><a href=\"https:\/\/www.dealing.es\/es\/team\/conso-montalvo\/\" class=\"post-image-link\"><img decoding=\"async\" src=\"https:\/\/www.dealing.es\/wp-content\/uploads\/2023\/07\/conso-montalvo.jpg\" title=\"conso-montalvo\" alt=\"\" class=\"img-fluid rounded img-fluid rounded img-fluid rounded\" \/><\/a><\/div><!-- .post-thumb --><div class=\"entry-title\"><h4 class=\"post-title-head\"><a href=\"https:\/\/www.dealing.es\/es\/team\/conso-montalvo\/\" class=\"post-title\">Conso Montalvo<\/a><\/h4><\/div><!-- .entry-title --><div class=\"team-designation\">Socia Directora<\/div><!-- .team-designation --><div class=\"post-excerpt\"><p>Nuestra especialista en desarrollo de negocio, gesti\u00f3n de clientes y dise\u00f1o de proyectos.<\/p>\n<\/div><!-- .post-excerpt --><\/div><!-- .team-inner --><\/div><!-- .col \/ .owl-carousel-item \/ .isotope --><\/div><!-- .row --><div class=\"row\"><div class=\"col-lg-4 col-md-4\" ><div class=\"team-inner\"><div class=\"post-thumb\"><a href=\"https:\/\/www.dealing.es\/es\/team\/luis-salido\/\" class=\"post-image-link\"><img decoding=\"async\" src=\"https:\/\/www.dealing.es\/wp-content\/uploads\/2023\/07\/luis-salido.jpg\" title=\"luis-salido\" alt=\"\" class=\"img-fluid rounded img-fluid rounded img-fluid rounded img-fluid rounded\" \/><\/a><\/div><!-- .post-thumb --><div class=\"entry-title\"><h4 class=\"post-title-head\"><a href=\"https:\/\/www.dealing.es\/es\/team\/luis-salido\/\" class=\"post-title\">Luis Salido<\/a><\/h4><\/div><!-- .entry-title --><div class=\"team-designation\">director asociado<\/div><!-- .team-designation --><div class=\"post-excerpt\"><p>Nuestro especialista en estrategia comercial, venta, negociaci\u00f3n, visi\u00f3n \u00fanica de cliente y liderazgo.<\/p>\n<\/div><!-- .post-excerpt --><\/div><!-- .team-inner --><\/div><!-- .col \/ .owl-carousel-item \/ .isotope --><div class=\"col-lg-4 col-md-4\" ><div class=\"team-inner\"><div class=\"entry-title\"><h4 class=\"post-title-head\"><a href=\"https:\/\/www.dealing.es\/es\/team\/loreto-fernandez\/\" class=\"post-title\">Loreto Fern\u00e1ndez<\/a><\/h4><\/div><!-- .entry-title --><div class=\"team-designation\">Directora Asociada<\/div><!-- .team-designation --><div class=\"post-excerpt\"><p>Nuestra especialista en evaluaci\u00f3n de profesionales y directivos.<\/p>\n<\/div><!-- .post-excerpt --><\/div><!-- .team-inner --><\/div><!-- .col \/ .owl-carousel-item \/ .isotope --><div class=\"col-lg-4 col-md-4\" ><div class=\"team-inner\"><div class=\"post-thumb\"><a href=\"https:\/\/www.dealing.es\/es\/team\/fabiana-numerosky\/\" class=\"post-image-link\"><img decoding=\"async\" src=\"https:\/\/www.dealing.es\/wp-content\/uploads\/2023\/06\/FABIANA-NUMEROSKY.jpg\" title=\"FABIANA NUMEROSKY\" alt=\"\" class=\"img-fluid rounded img-fluid rounded img-fluid rounded img-fluid rounded img-fluid rounded\" \/><\/a><\/div><!-- .post-thumb --><div class=\"entry-title\"><h4 class=\"post-title-head\"><a href=\"https:\/\/www.dealing.es\/es\/team\/fabiana-numerosky\/\" class=\"post-title\">Fabiana Numerosky<\/a><\/h4><\/div><!-- .entry-title --><div class=\"team-designation\">Directora Asociada<\/div><!-- .team-designation --><div class=\"post-excerpt\"><p>Nuestra especialista en b\u00fasqueda de directivos y proyectos de capacitaci\u00f3n en M\u00e9xico y LATAM.<\/p>\n<\/div><!-- .post-excerpt --><\/div><!-- .team-inner --><\/div><!-- .col \/ .owl-carousel-item \/ .isotope --><\/div><!-- .row --><div class=\"row\"><div class=\"col-lg-4 col-md-4\" ><div class=\"team-inner\"><div class=\"post-thumb\"><a href=\"https:\/\/www.dealing.es\/es\/team\/jose-ochoa\/\" class=\"post-image-link\"><img decoding=\"async\" src=\"https:\/\/www.dealing.es\/wp-content\/uploads\/2023\/07\/jose-ochoa.jpg\" title=\"jose-ochoa\" alt=\"\" class=\"img-fluid rounded img-fluid rounded img-fluid rounded img-fluid rounded img-fluid rounded img-fluid rounded\" \/><\/a><\/div><!-- .post-thumb --><div class=\"entry-title\"><h4 class=\"post-title-head\"><a href=\"https:\/\/www.dealing.es\/es\/team\/jose-ochoa\/\" class=\"post-title\">Jose Ochoa<\/a><\/h4><\/div><!-- .entry-title --><div class=\"team-designation\">Consultor Senior<\/div><!-- .team-designation --><div class=\"post-excerpt\"><p>Nuestro especialista en design thinking, productividad, creatividad e innovaci\u00f3n y gesti\u00f3n de proyectos.<\/p>\n<\/div><!-- .post-excerpt --><\/div><!-- .team-inner --><\/div><!-- .col \/ .owl-carousel-item \/ .isotope --><div class=\"col-lg-4 col-md-4\" ><div class=\"team-inner\"><div class=\"post-thumb\"><a href=\"https:\/\/www.dealing.es\/es\/team\/dionne-beltrao\/\" class=\"post-image-link\"><img decoding=\"async\" src=\"https:\/\/www.dealing.es\/wp-content\/uploads\/2023\/07\/dionne-beltrao.jpg\" title=\"dionne-beltrao\" alt=\"\" class=\"img-fluid rounded img-fluid rounded img-fluid rounded img-fluid rounded img-fluid rounded img-fluid rounded img-fluid rounded\" \/><\/a><\/div><!-- .post-thumb --><div class=\"entry-title\"><h4 class=\"post-title-head\"><a href=\"https:\/\/www.dealing.es\/es\/team\/dionne-beltrao\/\" class=\"post-title\">Dionne Beltrao<\/a><\/h4><\/div><!-- .entry-title --><div class=\"team-designation\">Consultora Senior<\/div><!-- .team-designation --><div class=\"post-excerpt\"><p>Nuestra especialista en D.I.E. (diversidad, inclusi\u00f3n, equidad) gesti\u00f3n del cambio, productividad personal, mindfulness y coaching.<\/p>\n<\/div><!-- .post-excerpt --><\/div><!-- .team-inner --><\/div><!-- .col \/ .owl-carousel-item \/ .isotope --><div class=\"col-lg-4 col-md-4\" ><div class=\"team-inner\"><div class=\"post-thumb\"><a href=\"https:\/\/www.dealing.es\/es\/team\/begona-pabon\/\" class=\"post-image-link\"><img decoding=\"async\" src=\"https:\/\/www.dealing.es\/wp-content\/uploads\/2023\/07\/begona-pabon.jpg\" title=\"begona-pabon\" alt=\"\" class=\"img-fluid rounded img-fluid rounded img-fluid rounded img-fluid rounded img-fluid rounded img-fluid rounded img-fluid rounded img-fluid rounded\" \/><\/a><\/div><!-- .post-thumb --><div class=\"entry-title\"><h4 class=\"post-title-head\"><a href=\"https:\/\/www.dealing.es\/es\/team\/begona-pabon\/\" class=\"post-title\">Bego\u00f1a Pab\u00f3n<\/a><\/h4><\/div><!-- .entry-title --><div class=\"team-designation\">Consultora Senior<\/div><!-- .team-designation --><div class=\"post-excerpt\"><p>Nuestra especialista en liderazgo en acci\u00f3n, inteligencia emocional y equipos de alto rendimiento.<\/p>\n<\/div><!-- .post-excerpt --><\/div><!-- .team-inner --><\/div><!-- .col \/ .owl-carousel-item \/ .isotope --><\/div><!-- .row --><div class=\"row\"><div class=\"col-lg-4 col-md-4\" ><div class=\"team-inner\"><div class=\"post-thumb\"><a href=\"https:\/\/www.dealing.es\/es\/team\/angeles-rontome\/\" class=\"post-image-link\"><img decoding=\"async\" src=\"https:\/\/www.dealing.es\/wp-content\/uploads\/2023\/07\/angeles-rontome.jpg\" title=\"angeles-rontome\" alt=\"\" class=\"img-fluid rounded img-fluid rounded img-fluid rounded img-fluid rounded img-fluid rounded img-fluid rounded img-fluid rounded img-fluid rounded img-fluid rounded\" \/><\/a><\/div><!-- .post-thumb --><div class=\"entry-title\"><h4 class=\"post-title-head\"><a href=\"https:\/\/www.dealing.es\/es\/team\/angeles-rontome\/\" class=\"post-title\">\u00c1ngeles Rontom\u00e9<\/a><\/h4><\/div><!-- .entry-title --><div class=\"team-designation\">Directora de Desarrollo de Negocio<\/div><!-- .team-designation --><div class=\"post-excerpt\"><p>Nuestra especialista en la gesti\u00f3n de nuestros clientes y formaci\u00f3n de nuevos m\u00e1nager.<\/p>\n<\/div><!-- .post-excerpt --><\/div><!-- .team-inner --><\/div><!-- .col \/ .owl-carousel-item \/ .isotope --><\/div><!-- .row -->\t\t\t\r\n\t\t<\/div>\r\n\t\t\t\t<\/div>\n\t\t\t\t\t<\/div>\n\t\t<\/div>\n\t\t\t\t\t<\/div>\n\t\t<\/section>\n\t\t\t\t<\/div>\n\t\t","protected":false},"excerpt":{"rendered":"<p>El equipo de Dealing with People siente pasi\u00f3n por el \u00e9xito de nuestros clientes. Sabemos..<\/p>\n","protected":false},"author":1,"featured_media":0,"parent":0,"menu_order":0,"comment_status":"closed","ping_status":"closed","template":"","meta":{"footnotes":""},"class_list":["post-10973","page","type-page","status-publish","hentry"],"yoast_head":"<!-- This site is optimized with the Yoast SEO plugin v27.4 - https:\/\/yoast.com\/product\/yoast-seo-wordpress\/ -->\n<title>Con\u00f3cenos - Dealing with People<\/title>\n<meta name=\"description\" content=\"Somos el equipo que te ayudar\u00e1 a lograr tus objetivos empresariales a trav\u00e9s de la mejor formaci\u00f3n en habilidades y competencias.\" \/>\n<meta name=\"robots\" content=\"index, follow, max-snippet:-1, max-image-preview:large, max-video-preview:-1\" \/>\n<link rel=\"canonical\" href=\"https:\/\/www.dealing.es\/es\/equipo\/\" \/>\n<meta property=\"og:locale\" content=\"es_ES\" \/>\n<meta property=\"og:type\" content=\"article\" \/>\n<meta property=\"og:title\" content=\"Con\u00f3cenos - Dealing with People\" \/>\n<meta property=\"og:description\" content=\"Somos el equipo que te ayudar\u00e1 a lograr tus objetivos empresariales a trav\u00e9s de la mejor formaci\u00f3n en habilidades y competencias.\" \/>\n<meta property=\"og:url\" content=\"https:\/\/www.dealing.es\/es\/equipo\/\" \/>\n<meta property=\"og:site_name\" content=\"Dealing with People\" \/>\n<meta property=\"article:modified_time\" content=\"2025-12-23T12:57:21+00:00\" \/>\n<meta property=\"og:image\" content=\"https:\/\/www.dealing.es\/wp-content\/uploads\/2023\/06\/BB-NUEVA.jpg\" \/>\n<meta name=\"twitter:card\" content=\"summary_large_image\" \/>\n<meta name=\"twitter:label1\" content=\"Tiempo de lectura\" \/>\n\t<meta name=\"twitter:data1\" content=\"3 minutos\" \/>\n<script type=\"application\/ld+json\" class=\"yoast-schema-graph\">{\"@context\":\"https:\\\/\\\/schema.org\",\"@graph\":[{\"@type\":\"WebPage\",\"@id\":\"https:\\\/\\\/www.dealing.es\\\/es\\\/equipo\\\/\",\"url\":\"https:\\\/\\\/www.dealing.es\\\/es\\\/equipo\\\/\",\"name\":\"Con\u00f3cenos - Dealing with People\",\"isPartOf\":{\"@id\":\"https:\\\/\\\/www.dealing.es\\\/#website\"},\"primaryImageOfPage\":{\"@id\":\"https:\\\/\\\/www.dealing.es\\\/es\\\/equipo\\\/#primaryimage\"},\"image\":{\"@id\":\"https:\\\/\\\/www.dealing.es\\\/es\\\/equipo\\\/#primaryimage\"},\"thumbnailUrl\":\"https:\\\/\\\/www.dealing.es\\\/wp-content\\\/uploads\\\/2023\\\/06\\\/BB-NUEVA.jpg\",\"datePublished\":\"2021-08-31T10:16:48+00:00\",\"dateModified\":\"2025-12-23T12:57:21+00:00\",\"description\":\"Somos el equipo que te ayudar\u00e1 a lograr tus objetivos empresariales a trav\u00e9s de la mejor formaci\u00f3n en habilidades y competencias.\",\"breadcrumb\":{\"@id\":\"https:\\\/\\\/www.dealing.es\\\/es\\\/equipo\\\/#breadcrumb\"},\"inLanguage\":\"es\",\"potentialAction\":[{\"@type\":\"ReadAction\",\"target\":[\"https:\\\/\\\/www.dealing.es\\\/es\\\/equipo\\\/\"]}]},{\"@type\":\"ImageObject\",\"inLanguage\":\"es\",\"@id\":\"https:\\\/\\\/www.dealing.es\\\/es\\\/equipo\\\/#primaryimage\",\"url\":\"https:\\\/\\\/www.dealing.es\\\/wp-content\\\/uploads\\\/2023\\\/06\\\/BB-NUEVA.jpg\",\"contentUrl\":\"https:\\\/\\\/www.dealing.es\\\/wp-content\\\/uploads\\\/2023\\\/06\\\/BB-NUEVA.jpg\"},{\"@type\":\"BreadcrumbList\",\"@id\":\"https:\\\/\\\/www.dealing.es\\\/es\\\/equipo\\\/#breadcrumb\",\"itemListElement\":[{\"@type\":\"ListItem\",\"position\":1,\"name\":\"Inicio\",\"item\":\"https:\\\/\\\/www.dealing.es\\\/\"},{\"@type\":\"ListItem\",\"position\":2,\"name\":\"Equipo\"}]},{\"@type\":\"WebSite\",\"@id\":\"https:\\\/\\\/www.dealing.es\\\/#website\",\"url\":\"https:\\\/\\\/www.dealing.es\\\/\",\"name\":\"Dealing with People\",\"description\":\"Expertos en materias como desarrollo profesional, liderazgo, motivaci\u00f3n, gesti\u00f3n de recursos, direcci\u00f3n ejecutiva, y comunicaci\u00f3n empresarial.\",\"publisher\":{\"@id\":\"https:\\\/\\\/www.dealing.es\\\/#organization\"},\"potentialAction\":[{\"@type\":\"SearchAction\",\"target\":{\"@type\":\"EntryPoint\",\"urlTemplate\":\"https:\\\/\\\/www.dealing.es\\\/?s={search_term_string}\"},\"query-input\":{\"@type\":\"PropertyValueSpecification\",\"valueRequired\":true,\"valueName\":\"search_term_string\"}}],\"inLanguage\":\"es\"},{\"@type\":\"Organization\",\"@id\":\"https:\\\/\\\/www.dealing.es\\\/#organization\",\"name\":\"Dealing with People S.L.\",\"url\":\"https:\\\/\\\/www.dealing.es\\\/\",\"logo\":{\"@type\":\"ImageObject\",\"inLanguage\":\"es\",\"@id\":\"https:\\\/\\\/www.dealing.es\\\/#\\\/schema\\\/logo\\\/image\\\/\",\"url\":\"https:\\\/\\\/www.dealing.es\\\/wp-content\\\/uploads\\\/2023\\\/06\\\/logotipo_dealing.png\",\"contentUrl\":\"https:\\\/\\\/www.dealing.es\\\/wp-content\\\/uploads\\\/2023\\\/06\\\/logotipo_dealing.png\",\"width\":3183,\"height\":987,\"caption\":\"Dealing with People S.L.\"},\"image\":{\"@id\":\"https:\\\/\\\/www.dealing.es\\\/#\\\/schema\\\/logo\\\/image\\\/\"},\"sameAs\":[\"https:\\\/\\\/www.linkedin.com\\\/company\\\/dealing-with-people\\\/?trk=public_profile_topcard_current_company&originalSubdomain=es\"]}]}<\/script>\n<!-- \/ Yoast SEO plugin. -->","yoast_head_json":{"title":"Con\u00f3cenos - Dealing with People","description":"Somos el equipo que te ayudar\u00e1 a lograr tus objetivos empresariales a trav\u00e9s de la mejor formaci\u00f3n en habilidades y competencias.","robots":{"index":"index","follow":"follow","max-snippet":"max-snippet:-1","max-image-preview":"max-image-preview:large","max-video-preview":"max-video-preview:-1"},"canonical":"https:\/\/www.dealing.es\/es\/equipo\/","og_locale":"es_ES","og_type":"article","og_title":"Con\u00f3cenos - Dealing with People","og_description":"Somos el equipo que te ayudar\u00e1 a lograr tus objetivos empresariales a trav\u00e9s de la mejor formaci\u00f3n en habilidades y competencias.","og_url":"https:\/\/www.dealing.es\/es\/equipo\/","og_site_name":"Dealing with People","article_modified_time":"2025-12-23T12:57:21+00:00","og_image":[{"url":"https:\/\/www.dealing.es\/wp-content\/uploads\/2023\/06\/BB-NUEVA.jpg","type":"","width":"","height":""}],"twitter_card":"summary_large_image","twitter_misc":{"Tiempo de lectura":"3 minutos"},"schema":{"@context":"https:\/\/schema.org","@graph":[{"@type":"WebPage","@id":"https:\/\/www.dealing.es\/es\/equipo\/","url":"https:\/\/www.dealing.es\/es\/equipo\/","name":"Con\u00f3cenos - Dealing with People","isPartOf":{"@id":"https:\/\/www.dealing.es\/#website"},"primaryImageOfPage":{"@id":"https:\/\/www.dealing.es\/es\/equipo\/#primaryimage"},"image":{"@id":"https:\/\/www.dealing.es\/es\/equipo\/#primaryimage"},"thumbnailUrl":"https:\/\/www.dealing.es\/wp-content\/uploads\/2023\/06\/BB-NUEVA.jpg","datePublished":"2021-08-31T10:16:48+00:00","dateModified":"2025-12-23T12:57:21+00:00","description":"Somos el equipo que te ayudar\u00e1 a lograr tus objetivos empresariales a trav\u00e9s de la mejor formaci\u00f3n en habilidades y competencias.","breadcrumb":{"@id":"https:\/\/www.dealing.es\/es\/equipo\/#breadcrumb"},"inLanguage":"es","potentialAction":[{"@type":"ReadAction","target":["https:\/\/www.dealing.es\/es\/equipo\/"]}]},{"@type":"ImageObject","inLanguage":"es","@id":"https:\/\/www.dealing.es\/es\/equipo\/#primaryimage","url":"https:\/\/www.dealing.es\/wp-content\/uploads\/2023\/06\/BB-NUEVA.jpg","contentUrl":"https:\/\/www.dealing.es\/wp-content\/uploads\/2023\/06\/BB-NUEVA.jpg"},{"@type":"BreadcrumbList","@id":"https:\/\/www.dealing.es\/es\/equipo\/#breadcrumb","itemListElement":[{"@type":"ListItem","position":1,"name":"Inicio","item":"https:\/\/www.dealing.es\/"},{"@type":"ListItem","position":2,"name":"Equipo"}]},{"@type":"WebSite","@id":"https:\/\/www.dealing.es\/#website","url":"https:\/\/www.dealing.es\/","name":"Dealing with People","description":"Expertos en materias como desarrollo profesional, liderazgo, motivaci\u00f3n, gesti\u00f3n de recursos, direcci\u00f3n ejecutiva, y comunicaci\u00f3n empresarial.","publisher":{"@id":"https:\/\/www.dealing.es\/#organization"},"potentialAction":[{"@type":"SearchAction","target":{"@type":"EntryPoint","urlTemplate":"https:\/\/www.dealing.es\/?s={search_term_string}"},"query-input":{"@type":"PropertyValueSpecification","valueRequired":true,"valueName":"search_term_string"}}],"inLanguage":"es"},{"@type":"Organization","@id":"https:\/\/www.dealing.es\/#organization","name":"Dealing with People S.L.","url":"https:\/\/www.dealing.es\/","logo":{"@type":"ImageObject","inLanguage":"es","@id":"https:\/\/www.dealing.es\/#\/schema\/logo\/image\/","url":"https:\/\/www.dealing.es\/wp-content\/uploads\/2023\/06\/logotipo_dealing.png","contentUrl":"https:\/\/www.dealing.es\/wp-content\/uploads\/2023\/06\/logotipo_dealing.png","width":3183,"height":987,"caption":"Dealing with People S.L."},"image":{"@id":"https:\/\/www.dealing.es\/#\/schema\/logo\/image\/"},"sameAs":["https:\/\/www.linkedin.com\/company\/dealing-with-people\/?trk=public_profile_topcard_current_company&originalSubdomain=es"]}]}},"_links":{"self":[{"href":"https:\/\/www.dealing.es\/es\/wp-json\/wp\/v2\/pages\/10973","targetHints":{"allow":["GET"]}}],"collection":[{"href":"https:\/\/www.dealing.es\/es\/wp-json\/wp\/v2\/pages"}],"about":[{"href":"https:\/\/www.dealing.es\/es\/wp-json\/wp\/v2\/types\/page"}],"author":[{"embeddable":true,"href":"https:\/\/www.dealing.es\/es\/wp-json\/wp\/v2\/users\/1"}],"replies":[{"embeddable":true,"href":"https:\/\/www.dealing.es\/es\/wp-json\/wp\/v2\/comments?post=10973"}],"version-history":[{"count":57,"href":"https:\/\/www.dealing.es\/es\/wp-json\/wp\/v2\/pages\/10973\/revisions"}],"predecessor-version":[{"id":39106,"href":"https:\/\/www.dealing.es\/es\/wp-json\/wp\/v2\/pages\/10973\/revisions\/39106"}],"wp:attachment":[{"href":"https:\/\/www.dealing.es\/es\/wp-json\/wp\/v2\/media?parent=10973"}],"curies":[{"name":"wp","href":"https:\/\/api.w.org\/{rel}","templated":true}]}}