{"id":36512,"date":"2023-07-06T12:45:05","date_gmt":"2023-07-06T12:45:05","guid":{"rendered":"https:\/\/www.dealing.es\/?page_id=36512"},"modified":"2026-01-05T11:16:45","modified_gmt":"2026-01-05T11:16:45","slug":"cookies-policy","status":"publish","type":"page","link":"https:\/\/www.dealing.es\/en\/politica-de-cookies\/","title":{"rendered":"Cookies policy"},"content":{"rendered":"<div data-elementor-type=\"wp-page\" data-elementor-id=\"36512\" class=\"elementor elementor-36512\">\n\t\t\t\t\t\t<section class=\"elementor-section elementor-top-section elementor-element elementor-element-46639848 elementor-section-stretched elementor-section-boxed elementor-section-height-default elementor-section-height-default\" data-id=\"46639848\" data-element_type=\"section\" data-e-type=\"section\" data-settings=\"{&quot;stretch_section&quot;:&quot;section-stretched&quot;,&quot;background_background&quot;:&quot;classic&quot;}\">\n\t\t\t\t\t\t\t<div class=\"elementor-background-overlay\"><\/div>\n\t\t\t\t\t\t\t<div class=\"elementor-container elementor-column-gap-default\">\n\t\t\t\t\t<div class=\"elementor-column elementor-col-100 elementor-top-column elementor-element elementor-element-2ca7648c\" data-id=\"2ca7648c\" data-element_type=\"column\" data-e-type=\"column\" data-settings=\"{&quot;background_background&quot;:&quot;classic&quot;}\">\n\t\t\t<div class=\"elementor-widget-wrap elementor-element-populated\">\n\t\t\t\t\t\t<div class=\"elementor-element elementor-element-20a0beee elementor-widget elementor-widget-text-editor\" data-id=\"20a0beee\" data-element_type=\"widget\" data-e-type=\"widget\" data-widget_type=\"text-editor.default\">\n\t\t\t\t<div class=\"elementor-widget-container\">\n\t\t\t\t\t\t\t\t\t\n<h4>COOKIES POLICY<\/h4>\n<h6>INFORMATION ABOUT COOKIES<\/h6>\nIn accordance with Law 34\/2002, of July 11, on services of the information society and electronic commerce\n(LSSI), in relation to Regulation (EU) 2016\/679 of the European Parliament and of the Council, of 27 of April\n2016, General Data Protection (GDPR) and Organic Law 3\/2018, of December 5, Data Protection and\nGuarantee of Digital Rights (LOPDGDD), it is mandatory to obtain the express consent of the user of all web\npages that use dispensable cookies, before you navigate through them.\n<h6>WHAT ARE COOKIES?<\/h6>\nLas cookies y otras tecnolog\u00edas similares tales como local shared objects, flash cookies o p\u00edxeles, son herramientas\nempleadas por los servidores Web para almacenar y recuperar informaci\u00f3n acerca de sus visitantes, as\u00ed como para ofrecer\nun correcto funcionamiento del sitio.\nMediante el uso de estos dispositivos se permite al servidor Web recordar algunos datos concernientes al usuario, como\nsus preferencias para la visualizaci\u00f3n de las p\u00e1ginas de ese servidor, nombre y contrase\u00f1a, productos que m\u00e1s le\ninteresan, etc.\n<h6><i>COOKIES AFFECTED BY, AND COOKIES EXEMPT FROM REGULATIONS<\/i> AFECTADAS POR LA NORMATIVA Y COOKIES EXCEPTUADAS<\/h6>\nAccording to the EU directive, the cookies that require the user\u2019s informed consent are analysis, advertising and\naffiliation cookies, while technical cookies and those that are necessary for the operation of the website or the\nprovision of services expressly requested by the user are exempt.\n<h6>TYPES OF COOKIES<\/h6>\n&nbsp;\n<h6>DEPENDING ON THE PURPOSE<\/h6>\n<ul>\n \t<li><b>Technical and functional cookies:<\/b> allow the user to navigate through a website, platform or application\nand the use of different options or services available in it.<\/li>\n \t<li><b>Analysis cookies:<\/b> allow the controller to monitor and analyse the behaviour of the users of the websites\nthey are linked to. The information collected by this type of cookie is used to measure the activity of the\nwebsites, application or platform and to carry out browsing profiling of the users of said sites,\napplications and platforms, with the purpose of introducing improvements in the analysis of the user data\ncarried out by service users.<\/li>\n \t<li><b>Advertising cookies : <\/b>allow management, in the most efficient way possible, of advertising spaces\nwhich, if applicable, the editor has included in a website, application or platform from where requested\nservice is provided based on data such as the edited content or frequency with which advertisements\nare made.<\/li>\n \t<li><b>Behavioural advertising cookies :<\/b> collect information on the user\u2019s personal preferences and choices\n(retargeting) in order to allow management, in the most efficient way possible, of the advertising spaces\nwhich, if applicable, the editor has included in a website, application or platform from where the requested service is provided.<\/li>\n \t<li><b>Social cookies:<\/b> established by the social network platforms in the services to allow content to be shared\nwith friends and networks. The social media platforms have the ability to track activity online outside the\nServices. This may affect the content and messages seen in other services used.<\/li>\n \t<li><b>Affiliate cookies :<\/b> allow you to track visits through links from other websites, with which the website\nestablishes affiliate agreements (affiliate companies).<\/li>\n \t<li><b>Security cookies :<\/b> store encrypted information to avoid the stored data in them being vulnerable to\nmalicious attacks by third parties.<\/li>\n<\/ul>\n<h6>ACCORDING TO THE PROPERTY<\/h6>\n<ul>\n \t<li><b>Own cookies:<\/b> are sent to the user\u2019s terminal team from a team or power managed by the own editor and\nfrom where the requested service is provided by the user.<\/li>\n \t<li><b>Third party cookies:<\/b> are sent to the user\u2019s terminal team from a team or power which is not managed by\nthe editor, but by another body which processes data obtained through the cookies.<\/li>\n<\/ul>\n<h6>DEPENDING ON THE STORAGE PERIOD<\/h6>\n<ul>\n \t<li><b>Session cookies:<\/b> are a type of cookie designed to collect and store data as long as the user accesses a\nwebsite.<\/li>\n \t<li><b>Permanent cookies:<\/b> are a type of cookies where data continues to be stored in the terminal and may be\naccessed and processed for a period of time defined by the cookie controller, and that can range from a\nfew minutes to several years.<\/li>\n<\/ul>\n<h6>PROCESSING OF PERSONAL DATA<\/h6>\nDEALING WITH PEOPLE SL is the <b>Controller<\/b> of the personal data of the <b>Data Subject<\/b> and informs them that\nthese data will be processed in accordance with the provisions of Regulation (EU) 2016\/679, of 27 April 2016\n(GDPR), and therefore the following information on the processing is provided:\n\n<b>Purposes of the data processing:<\/b> as specified in the cookies section which are used on this website.\n\n<b>Legitimisation of the processing:<\/b> except in cases where it is necessary for web browsing, by consent of the\ndata subject (art. 6.1 GDPR).\n\n<b>Data storage criteria:<\/b> as specified in the cookies section used on the website.\nData communication: data will not be disclosed to third parties, except in cookies owned by third parties or\nunder legal obligation.\n\n<b>Rights of the Data Subject:<\/b>\n\n&#8211; Derecho a retirar el consentimiento en cualquier momento.\n&#8211; Derecho de acceso, rectificaci\u00f3n, portabilidad y supresi\u00f3n de sus datos, y de limitaci\u00f3n u oposici\u00f3n a su tratamiento.\n&#8211; Derecho a presentar una reclamaci\u00f3n ante la Autoridad de control (www.aepd.es) si considera que el tratamiento no se\najusta a la normativa vigente.\n\n<b>Contact information for exercising rights:<\/b>\n\nDEALING WITH PEOPLE SL. C\/ BAHIA DE POLLENSA, 11 1 &#8211; 28042 MADRID (Madrid). E-mail:\ndpd@dealingwithpeople.es\nDatos de contacto del delegado de protecci\u00f3n de datos: Avd. de Brasil, 17, 6\u00ba, 28020 Madrid &#8211;\nrapinformes@rapinformes.es\n\n&nbsp;\n<h6>COOKIES USED ON THIS WEBSITE<\/h6>\n<h4>COOKIES CONTROLLED BY THE EDITOR<\/h4>\n<h5>Technical and functional<\/h5>\n<table>\n<thead>\n<tr>\n<th>Property<\/th>\n<th>Cookie<\/th>\n<th>Purpose<\/th>\n<th>Term<\/th>\n<\/tr>\n<\/thead>\n<tbody>\n<tr>\n<td>dealing.es<\/td>\n<td>_gat_gtag_UA_65826366_1<\/td>\n<td>Cookie required to use website options and services<\/td>\n<td>session<\/td>\n<\/tr>\n<tr>\n<td>dealing.es<\/td>\n<td>pll_language<\/td>\n<td>Cookie required to use website options and services<\/td>\n<td>in a year<\/td>\n<\/tr>\n<\/tbody>\n<\/table>\n<h5>Analytics<\/h5>\n<table>\n<thead>\n<tr>\n<th>Property<\/th>\n<th>Cookie<\/th>\n<th>Purpose<\/th>\n<th>Term<\/th>\n<\/tr>\n<\/thead>\n<tbody>\n<tr>\n<td>dealing.es<\/td>\n<td>_ga<\/td>\n<td>ID used to identify users<\/td>\n<td>in a year<\/td>\n<\/tr>\n<tr>\n<td>dealing.es<\/td>\n<td>_gid<\/td>\n<td>ID used to identify users for 24 hours after last activity<\/td>\n<td>in a day<\/td>\n<\/tr>\n<\/tbody>\n<\/table>\n<h5>THIRD PARTY COOKIES<\/h5>\nThird-party services are beyond the control of the editor. Suppliers may at any time modify their service\nconditions, the purpose and use of cookies, etc.\n\n<b>External suppliers of this website:<\/b>\n<table>\n<thead>\n<tr>\n<th>Editor<\/th>\n<th>the Privacy Policy<\/th>\n<\/tr>\n<\/thead>\n<tbody>\n<tr>\n<td>Google Analytics<\/td>\n<td>https:\/\/privacy.google.com\/take-control.html<\/td>\n<\/tr>\n<\/tbody>\n<\/table>\n<h5>COOKIES CONFIGURATION PANEL<\/h5>\nFrom this panel the user will be able to configure the cookies that the website can install in their browser,\nexcept for the technical or functional cookies that are necessary for browsing and using the different options or\nservices that are offered.\n<h5>HOW TO MANAGE COOKIES FROM YOUR BROWSER<\/h5>\n<table>\n<tbody>\n<tr>\n<td><b>Delete cookies from your device<\/b><\/td>\n<td>Cookies that are already on a device can be deleted by clearing the browser history, thus\ndeleting the cookies from all websites visited.\nHowever, some of the saved information (e.g. login data or website preferences) may also\nbe lost.<\/td>\n<\/tr>\n<tr>\n<td><b>Manage site specific cookies<\/b><\/td>\n<td>For more precise control of site specific cookies, users can adjust their privacy settings\nand cookies in their browser.<\/td>\n<\/tr>\n<tr>\n<td><b>Blocking cookies<\/b><\/td>\n<td>While most modern browsers can be configured to prevent cookies from being installed\non a device, this may require the manual adjustment of certain preferences each time a\nsite or page is visited. In addition, some services and features may not work properly (for\nexample, profile logins)<\/td>\n<\/tr>\n<\/tbody>\n<\/table>\n<h5>HOW TO DELETE COOKIES FROM MOST COMMON BROWSERS<\/h5>\n<ul>\n \t<li><b>Chrome:<\/b><a href=\"https:\/\/support.google.com\/chrome\/answer\/95647?hl=es\" target=\"_blank\" rel=\"noopener\"> http:\/\/support.google.com\/chrome\/answer\/95647?hl=es<\/a><\/li>\n \t<li><b>Edge:<\/b><a href=\"https:\/\/support.microsoft.com\/es-es\/microsoft-edge\/eliminar-las-cookies-en-microsoft-edge-63947406-40ac-c3b8-57b9-2a946a29ae09\" target=\"_blank\" rel=\"noopener\"> https:\/\/support.microsoft.com\/es-es\/microsoft-edge\/eliminar-las-cookies-en-microsoft-edge-63947406-40ac-c3b8-57b9-2a946a29ae09<\/a><\/li>\n \t<li><b>Explorer:<\/b> <a href=\"https:\/\/support.microsoft.com\/es-es\/help\/278835\/how-to-delete-cookie-files-in-internet-explorer\" target=\"_blank\" rel=\"noopener\">https:\/\/support.microsoft.com\/es-es\/help\/278835\/how-to-delete-cookie-files-in-internet-explorer<\/a><\/li>\n \t<li><b>Firefox:<\/b> <a href=\"https:\/\/www.mozilla.org\/es-ES\/privacy\/websites\/#cookies\" target=\"_blank\" rel=\"noopener\">https:\/\/www.mozilla.org\/es-ES\/privacy\/websites\/#cookies<\/a><\/li>\n \t<li><b>Safari:<\/b> <a href=\"https:\/\/support.apple.com\/es-es\/guide\/safari\/sfri11471\/mac\" target=\"_blank\" rel=\"noopener\">https:\/\/support.apple.com\/es-es\/guide\/safari\/sfri11471\/mac<\/a><\/li>\n \t<li><b>Opera:<\/b> <a href=\"https:\/\/help.opera.com\/en\/latest\/security-and-privacy\/#clearBrowsingData\" target=\"_blank\" rel=\"noopener\">https:\/\/help.opera.com\/en\/latest\/security-and-privacy\/#clearBrowsingData<\/a><\/li>\n<\/ul>\t\t\t\t\t\t\t\t<\/div>\n\t\t\t\t<\/div>\n\t\t\t\t\t<\/div>\n\t\t<\/div>\n\t\t\t\t\t<\/div>\n\t\t<\/section>\n\t\t\t\t<\/div>","protected":false},"excerpt":{"rendered":"<p>INFORMATION ABOUT COOKIES\nIn accordance with Law 34\/2002, of July 11, on services of the information society and electronic commerce (LSSI), in relation to Regulation (EU) 2016\/679 of the European Parliament and of the Council, of 27 of April 2016, Ge<\/p>","protected":false},"author":1,"featured_media":0,"parent":0,"menu_order":0,"comment_status":"closed","ping_status":"closed","template":"","meta":{"footnotes":""},"class_list":["post-36512","page","type-page","status-publish","hentry"],"yoast_head":"<!-- This site is optimized with the Yoast SEO plugin v27.4 - https:\/\/yoast.com\/product\/yoast-seo-wordpress\/ -->\n<title>Pol\u00edtica de cookies - Dealing with People<\/title>\n<meta name=\"robots\" content=\"noindex, nofollow\" \/>\n<meta property=\"og:locale\" content=\"en_GB\" \/>\n<meta property=\"og:type\" content=\"article\" \/>\n<meta property=\"og:title\" content=\"Pol\u00edtica de cookies - Dealing with People\" \/>\n<meta property=\"og:description\" content=\"POL\u00cdTICA DE COOKIES INFORMACI\u00d3N SOBRE COOKIES Conforme con la Ley 34\/2002, de 11 de julio, de servicios de la sociedad..\" \/>\n<meta property=\"og:url\" content=\"https:\/\/www.dealing.es\/en\/cookies-policy\/\" \/>\n<meta property=\"og:site_name\" content=\"Dealing with People\" \/>\n<meta property=\"article:modified_time\" content=\"2026-01-05T11:16:45+00:00\" \/>\n<meta property=\"og:image\" content=\"https:\/\/www.dealing.es\/wp-content\/uploads\/2023\/06\/cropped-isotipo_dealing-1.png\" \/>\n\t<meta property=\"og:image:width\" content=\"512\" \/>\n\t<meta property=\"og:image:height\" content=\"512\" \/>\n\t<meta property=\"og:image:type\" content=\"image\/png\" \/>\n<meta name=\"twitter:card\" content=\"summary_large_image\" \/>\n<meta name=\"twitter:label1\" content=\"Estimated reading time\" \/>\n\t<meta name=\"twitter:data1\" content=\"6 minutes\" \/>\n<script type=\"application\/ld+json\" class=\"yoast-schema-graph\">{\"@context\":\"https:\\\/\\\/schema.org\",\"@graph\":[{\"@type\":\"WebPage\",\"@id\":\"https:\\\/\\\/www.dealing.es\\\/politica-de-cookies\\\/\",\"url\":\"https:\\\/\\\/www.dealing.es\\\/politica-de-cookies\\\/\",\"name\":\"Pol\u00edtica de cookies - Dealing with People\",\"isPartOf\":{\"@id\":\"https:\\\/\\\/www.dealing.es\\\/#website\"},\"datePublished\":\"2023-07-06T12:45:05+00:00\",\"dateModified\":\"2026-01-05T11:16:45+00:00\",\"breadcrumb\":{\"@id\":\"https:\\\/\\\/www.dealing.es\\\/politica-de-cookies\\\/#breadcrumb\"},\"inLanguage\":\"en-GB\",\"potentialAction\":[{\"@type\":\"ReadAction\",\"target\":[\"https:\\\/\\\/www.dealing.es\\\/politica-de-cookies\\\/\"]}]},{\"@type\":\"BreadcrumbList\",\"@id\":\"https:\\\/\\\/www.dealing.es\\\/politica-de-cookies\\\/#breadcrumb\",\"itemListElement\":[{\"@type\":\"ListItem\",\"position\":1,\"name\":\"Inicio\",\"item\":\"https:\\\/\\\/www.dealing.es\\\/\"},{\"@type\":\"ListItem\",\"position\":2,\"name\":\"Pol\u00edtica de cookies\"}]},{\"@type\":\"WebSite\",\"@id\":\"https:\\\/\\\/www.dealing.es\\\/#website\",\"url\":\"https:\\\/\\\/www.dealing.es\\\/\",\"name\":\"Dealing with People\",\"description\":\"Expertos en materias como desarrollo profesional, liderazgo, motivaci\u00f3n, gesti\u00f3n de recursos, direcci\u00f3n ejecutiva, y comunicaci\u00f3n empresarial.\",\"publisher\":{\"@id\":\"https:\\\/\\\/www.dealing.es\\\/#organization\"},\"potentialAction\":[{\"@type\":\"SearchAction\",\"target\":{\"@type\":\"EntryPoint\",\"urlTemplate\":\"https:\\\/\\\/www.dealing.es\\\/?s={search_term_string}\"},\"query-input\":{\"@type\":\"PropertyValueSpecification\",\"valueRequired\":true,\"valueName\":\"search_term_string\"}}],\"inLanguage\":\"en-GB\"},{\"@type\":\"Organization\",\"@id\":\"https:\\\/\\\/www.dealing.es\\\/#organization\",\"name\":\"Dealing with People S.L.\",\"url\":\"https:\\\/\\\/www.dealing.es\\\/\",\"logo\":{\"@type\":\"ImageObject\",\"inLanguage\":\"en-GB\",\"@id\":\"https:\\\/\\\/www.dealing.es\\\/#\\\/schema\\\/logo\\\/image\\\/\",\"url\":\"https:\\\/\\\/www.dealing.es\\\/wp-content\\\/uploads\\\/2023\\\/06\\\/logotipo_dealing.png\",\"contentUrl\":\"https:\\\/\\\/www.dealing.es\\\/wp-content\\\/uploads\\\/2023\\\/06\\\/logotipo_dealing.png\",\"width\":3183,\"height\":987,\"caption\":\"Dealing with People S.L.\"},\"image\":{\"@id\":\"https:\\\/\\\/www.dealing.es\\\/#\\\/schema\\\/logo\\\/image\\\/\"},\"sameAs\":[\"https:\\\/\\\/www.linkedin.com\\\/company\\\/dealing-with-people\\\/?trk=public_profile_topcard_current_company&originalSubdomain=es\"]}]}<\/script>\n<!-- \/ Yoast SEO plugin. -->","yoast_head_json":{"title":"Pol\u00edtica de cookies - Dealing with People","robots":{"index":"noindex","follow":"nofollow"},"og_locale":"en_GB","og_type":"article","og_title":"Pol\u00edtica de cookies - Dealing with People","og_description":"POL\u00cdTICA DE COOKIES INFORMACI\u00d3N SOBRE COOKIES Conforme con la Ley 34\/2002, de 11 de julio, de servicios de la sociedad..","og_url":"https:\/\/www.dealing.es\/en\/cookies-policy\/","og_site_name":"Dealing with People","article_modified_time":"2026-01-05T11:16:45+00:00","og_image":[{"width":512,"height":512,"url":"https:\/\/www.dealing.es\/wp-content\/uploads\/2023\/06\/cropped-isotipo_dealing-1.png","type":"image\/png"}],"twitter_card":"summary_large_image","twitter_misc":{"Estimated reading time":"6 minutes"},"schema":{"@context":"https:\/\/schema.org","@graph":[{"@type":"WebPage","@id":"https:\/\/www.dealing.es\/politica-de-cookies\/","url":"https:\/\/www.dealing.es\/politica-de-cookies\/","name":"Pol\u00edtica de cookies - Dealing with People","isPartOf":{"@id":"https:\/\/www.dealing.es\/#website"},"datePublished":"2023-07-06T12:45:05+00:00","dateModified":"2026-01-05T11:16:45+00:00","breadcrumb":{"@id":"https:\/\/www.dealing.es\/politica-de-cookies\/#breadcrumb"},"inLanguage":"en-GB","potentialAction":[{"@type":"ReadAction","target":["https:\/\/www.dealing.es\/politica-de-cookies\/"]}]},{"@type":"BreadcrumbList","@id":"https:\/\/www.dealing.es\/politica-de-cookies\/#breadcrumb","itemListElement":[{"@type":"ListItem","position":1,"name":"Inicio","item":"https:\/\/www.dealing.es\/"},{"@type":"ListItem","position":2,"name":"Pol\u00edtica de cookies"}]},{"@type":"WebSite","@id":"https:\/\/www.dealing.es\/#website","url":"https:\/\/www.dealing.es\/","name":"Dealing with People","description":"Expertos en materias como desarrollo profesional, liderazgo, motivaci\u00f3n, gesti\u00f3n de recursos, direcci\u00f3n ejecutiva, y comunicaci\u00f3n empresarial.","publisher":{"@id":"https:\/\/www.dealing.es\/#organization"},"potentialAction":[{"@type":"SearchAction","target":{"@type":"EntryPoint","urlTemplate":"https:\/\/www.dealing.es\/?s={search_term_string}"},"query-input":{"@type":"PropertyValueSpecification","valueRequired":true,"valueName":"search_term_string"}}],"inLanguage":"en-GB"},{"@type":"Organization","@id":"https:\/\/www.dealing.es\/#organization","name":"Dealing with People S.L.","url":"https:\/\/www.dealing.es\/","logo":{"@type":"ImageObject","inLanguage":"en-GB","@id":"https:\/\/www.dealing.es\/#\/schema\/logo\/image\/","url":"https:\/\/www.dealing.es\/wp-content\/uploads\/2023\/06\/logotipo_dealing.png","contentUrl":"https:\/\/www.dealing.es\/wp-content\/uploads\/2023\/06\/logotipo_dealing.png","width":3183,"height":987,"caption":"Dealing with People S.L."},"image":{"@id":"https:\/\/www.dealing.es\/#\/schema\/logo\/image\/"},"sameAs":["https:\/\/www.linkedin.com\/company\/dealing-with-people\/?trk=public_profile_topcard_current_company&originalSubdomain=es"]}]}},"_links":{"self":[{"href":"https:\/\/www.dealing.es\/en\/wp-json\/wp\/v2\/pages\/36512","targetHints":{"allow":["GET"]}}],"collection":[{"href":"https:\/\/www.dealing.es\/en\/wp-json\/wp\/v2\/pages"}],"about":[{"href":"https:\/\/www.dealing.es\/en\/wp-json\/wp\/v2\/types\/page"}],"author":[{"embeddable":true,"href":"https:\/\/www.dealing.es\/en\/wp-json\/wp\/v2\/users\/1"}],"replies":[{"embeddable":true,"href":"https:\/\/www.dealing.es\/en\/wp-json\/wp\/v2\/comments?post=36512"}],"version-history":[{"count":8,"href":"https:\/\/www.dealing.es\/en\/wp-json\/wp\/v2\/pages\/36512\/revisions"}],"predecessor-version":[{"id":39130,"href":"https:\/\/www.dealing.es\/en\/wp-json\/wp\/v2\/pages\/36512\/revisions\/39130"}],"wp:attachment":[{"href":"https:\/\/www.dealing.es\/en\/wp-json\/wp\/v2\/media?parent=36512"}],"curies":[{"name":"wp","href":"https:\/\/api.w.org\/{rel}","templated":true}]}}