{"id":17490,"date":"2022-07-25T10:11:41","date_gmt":"2022-07-25T10:11:41","guid":{"rendered":"https:\/\/cea.zozothemes.com\/igual\/?page_id=3"},"modified":"2026-01-05T11:18:56","modified_gmt":"2026-01-05T11:18:56","slug":"privacy-policy","status":"publish","type":"page","link":"https:\/\/www.dealing.es\/en\/politica-privacidad\/","title":{"rendered":"the Privacy Policy"},"content":{"rendered":"<div data-elementor-type=\"wp-page\" data-elementor-id=\"17490\" class=\"elementor elementor-17490\">\n\t\t\t\t\t\t<section class=\"elementor-section elementor-top-section elementor-element elementor-element-46639848 elementor-section-stretched elementor-section-boxed elementor-section-height-default elementor-section-height-default\" data-id=\"46639848\" data-element_type=\"section\" data-e-type=\"section\" data-settings=\"{&quot;stretch_section&quot;:&quot;section-stretched&quot;,&quot;background_background&quot;:&quot;classic&quot;}\">\n\t\t\t\t\t\t\t<div class=\"elementor-background-overlay\"><\/div>\n\t\t\t\t\t\t\t<div class=\"elementor-container elementor-column-gap-default\">\n\t\t\t\t\t<div class=\"elementor-column elementor-col-100 elementor-top-column elementor-element elementor-element-2ca7648c\" data-id=\"2ca7648c\" data-element_type=\"column\" data-e-type=\"column\" data-settings=\"{&quot;background_background&quot;:&quot;classic&quot;}\">\n\t\t\t<div class=\"elementor-widget-wrap elementor-element-populated\">\n\t\t\t\t\t\t<div class=\"elementor-element elementor-element-20a0beee elementor-widget elementor-widget-text-editor\" data-id=\"20a0beee\" data-element_type=\"widget\" data-e-type=\"widget\" data-widget_type=\"text-editor.default\">\n\t\t\t\t<div class=\"elementor-widget-container\">\n\t\t\t\t\t\t\t\t\t\n<h4>1. USER INFORMATION<\/h4>\n<h6>Who is the controller of your personal data?<\/h6>\n<b>DEALING WITH PEOPLE SL<\/b> is the Controller of the USER\u2019s personal data and informs him\/her that these data shall be\nprocessed in accordance with the provisions of Regulation (EU) 2016\/679 of 27 April (GDPR) and the Organic Law\n3\/2018 of 5 December (LOPDGDD).\n<h6>For what purpose do we process your personal data and why do we do it?<\/h6>\nDepending on the form from which we have obtained the personal data, we will process it confidentially for the following\npurposes:<br>\nIn the form <b>contact<\/b>\n<ul>\n \t<li>Respond to queries or any type of request made by the user through any of the contact methods\navailable at the controller's website.\n(for the legitimate interest of the person in charge, art. 6.1.f GDPR)<\/li>\n \t<li>Conduct statistical analysis and market research.\n(for the legitimate interest of the person in charge, art. 6.1.f GDPR)<\/li>\n<\/ul>\n<h6>For how long will we keep your personal data?<\/h6>\nData shall be stored for no longer than is necessary to maintain the purpose of the processing or for as long as there are\nlegal prescriptions dictating their custody, and when such purpose is no longer necessary the data shall be erased with\nappropriate security measures to ensure the anonymization of the data or their complete destruction.\n<h6>To whom do we disclose your personal data?<\/h6>\nNo communication of personal data to third parties is foreseen except, if necessary for the development and execution of\nthe purposes of the processing, to our suppliers of services related to communications, with which the CONTROLLER\nhas signed the confidentiality and data processor contracts required by current privacy regulations.\n<h6>What are your rights?<\/h6>\nThe rights of the USER are:\n<ul>\n \t<li>Right to withdraw consent at any time.<\/li>\n \t<li>Right of access, rectification, portability and erasure of your data and the limitation or objection to their\nprocessing.<\/li>\n \t<li>The right to file a claim with the Spanish Supervisory Authority (www.aepd.es) if you consider that the processing\ndoes not comply with the current legislation.<\/li>\n<\/ul>\n<b>Contact information for exercising rights:<\/b>\n\nDEALING WITH PEOPLE SL. C\/ BAHIA DE POLLENSA, 11 1 - 28042 MADRID (Madrid). E-mail:\ndpd@dealingwithpeople.es Contact details of the data protection officer: RAPINFORMES ON LINE, S.L., Avd. de\nBrasil, 17, 6\u00ba, 28020 Madrid - rapinformes@rapinformes.es\n<h4>2. COMPULSORY OR OPTIONAL NATURE OF THE INFORMATION PROVIDED BY THE USER<\/h4>\nThe USERS, by marking the corresponding boxes and entering data in the fields, marked with an asterisk (*) in the\ncontact form or download forms, accept expressly and in a free and unequivocal way that their data are necessary for the\nsupplier to meet their request, voluntarily providing their data in the remaining fields. The USER ensures that the\npersonal data provided to the CONTROLLER are true and is responsible for communicating any changes to them.<br>The CONTROLLER informs that all data requested through the website are mandatory, as they are necessary for the\nprovision of an optimal service to the USER. In the event that not all of the data is provided, there is no guarantee that\nthe information and services provided will be completely adapted to the User\u2019s needs.\n<h4>3. SECURITY MEASURES<\/h4>\nThat in accordance with the provisions of the current regulations on the protection of personal data, the CONTROLLER\nis complying with all the provisions of the GDPR and LOPDGDD regulations for processing the personal data for which\nthey are responsible, and is manifestly complying with the principles described in Article 5 of the GDPR, by which they\nare processed in a lawful, fair and transparent manner in relation to the data subject and appropriate, relevant and limited\nto what is necessary in relation to the purposes for which they are processed.\nThe CONTROLLER guarantees that all appropriate technical and organisational policies have been implemented to\napply the security measures established by GDPR and LOPDGDD in order to protect the rights and freedoms of the\nUSERS, and has communicated the appropriate information for them to be able to exercise their rights and freedoms.\nFor more information about privacy safeguards, you can contact the DATA CONTROLLER via DEALING WITH PEOPLE\nSL. C\/ BAHIA DE POLLENSA, 11 1 - 28042 MADRID (Madrid). E-mail: dpd@dealingwithpeople.es Contact details of\nthe data protection officer: RAPINFORMES ON LINE, S.L., Avd. de Brasil, 17, 6\u00ba, 28020 Madrid -\nrapinformes@rapinformes.es\t\t\t\t\t\t\t\t<\/div>\n\t\t\t\t<\/div>\n\t\t\t\t\t<\/div>\n\t\t<\/div>\n\t\t\t\t\t<\/div>\n\t\t<\/section>\n\t\t\t\t<\/div>","protected":false},"excerpt":{"rendered":"<p>1. user information\nWho is the controller of your personal data?\nDEALING WITH PEOPLE SL is the Controller of the USER\u2019s ...<\/p>","protected":false},"author":1,"featured_media":0,"parent":0,"menu_order":0,"comment_status":"closed","ping_status":"closed","template":"","meta":{"footnotes":""},"class_list":["post-17490","page","type-page","status-publish","hentry"],"yoast_head":"<!-- This site is optimized with the Yoast SEO plugin v27.4 - https:\/\/yoast.com\/product\/yoast-seo-wordpress\/ -->\n<title>Pol\u00edtica de privacidad - Dealing with People<\/title>\n<meta name=\"robots\" content=\"noindex, nofollow\" \/>\n<meta property=\"og:locale\" content=\"en_GB\" \/>\n<meta property=\"og:type\" content=\"article\" \/>\n<meta property=\"og:title\" content=\"Pol\u00edtica de privacidad - Dealing with People\" \/>\n<meta property=\"og:description\" content=\"1. INFORMACI\u00d3N AL USUARIO \u00bfQui\u00e9n es el responsable del tratamiento de tus datos personales? DEALING WITH PEOPLE SL es el..\" \/>\n<meta property=\"og:url\" content=\"https:\/\/www.dealing.es\/en\/privacy-policy\/\" \/>\n<meta property=\"og:site_name\" content=\"Dealing with People\" \/>\n<meta property=\"article:modified_time\" content=\"2026-01-05T11:18:56+00:00\" \/>\n<meta property=\"og:image\" content=\"https:\/\/www.dealing.es\/wp-content\/uploads\/2023\/06\/cropped-isotipo_dealing-1.png\" \/>\n\t<meta property=\"og:image:width\" content=\"512\" \/>\n\t<meta property=\"og:image:height\" content=\"512\" \/>\n\t<meta property=\"og:image:type\" content=\"image\/png\" \/>\n<meta name=\"twitter:card\" content=\"summary_large_image\" \/>\n<meta name=\"twitter:label1\" content=\"Estimated reading time\" \/>\n\t<meta name=\"twitter:data1\" content=\"3 minutes\" \/>\n<script type=\"application\/ld+json\" class=\"yoast-schema-graph\">{\"@context\":\"https:\\\/\\\/schema.org\",\"@graph\":[{\"@type\":\"WebPage\",\"@id\":\"https:\\\/\\\/www.dealing.es\\\/es\\\/politica-privacidad\\\/\",\"url\":\"https:\\\/\\\/www.dealing.es\\\/es\\\/politica-privacidad\\\/\",\"name\":\"Pol\u00edtica de privacidad - Dealing with People\",\"isPartOf\":{\"@id\":\"https:\\\/\\\/www.dealing.es\\\/#website\"},\"datePublished\":\"2022-07-25T10:11:41+00:00\",\"dateModified\":\"2026-01-05T11:18:56+00:00\",\"breadcrumb\":{\"@id\":\"https:\\\/\\\/www.dealing.es\\\/es\\\/politica-privacidad\\\/#breadcrumb\"},\"inLanguage\":\"en-GB\",\"potentialAction\":[{\"@type\":\"ReadAction\",\"target\":[\"https:\\\/\\\/www.dealing.es\\\/es\\\/politica-privacidad\\\/\"]}]},{\"@type\":\"BreadcrumbList\",\"@id\":\"https:\\\/\\\/www.dealing.es\\\/es\\\/politica-privacidad\\\/#breadcrumb\",\"itemListElement\":[{\"@type\":\"ListItem\",\"position\":1,\"name\":\"Inicio\",\"item\":\"https:\\\/\\\/www.dealing.es\\\/\"},{\"@type\":\"ListItem\",\"position\":2,\"name\":\"Pol\u00edtica de privacidad\"}]},{\"@type\":\"WebSite\",\"@id\":\"https:\\\/\\\/www.dealing.es\\\/#website\",\"url\":\"https:\\\/\\\/www.dealing.es\\\/\",\"name\":\"Dealing with People\",\"description\":\"Expertos en materias como desarrollo profesional, liderazgo, motivaci\u00f3n, gesti\u00f3n de recursos, direcci\u00f3n ejecutiva, y comunicaci\u00f3n empresarial.\",\"publisher\":{\"@id\":\"https:\\\/\\\/www.dealing.es\\\/#organization\"},\"potentialAction\":[{\"@type\":\"SearchAction\",\"target\":{\"@type\":\"EntryPoint\",\"urlTemplate\":\"https:\\\/\\\/www.dealing.es\\\/?s={search_term_string}\"},\"query-input\":{\"@type\":\"PropertyValueSpecification\",\"valueRequired\":true,\"valueName\":\"search_term_string\"}}],\"inLanguage\":\"en-GB\"},{\"@type\":\"Organization\",\"@id\":\"https:\\\/\\\/www.dealing.es\\\/#organization\",\"name\":\"Dealing with People S.L.\",\"url\":\"https:\\\/\\\/www.dealing.es\\\/\",\"logo\":{\"@type\":\"ImageObject\",\"inLanguage\":\"en-GB\",\"@id\":\"https:\\\/\\\/www.dealing.es\\\/#\\\/schema\\\/logo\\\/image\\\/\",\"url\":\"https:\\\/\\\/www.dealing.es\\\/wp-content\\\/uploads\\\/2023\\\/06\\\/logotipo_dealing.png\",\"contentUrl\":\"https:\\\/\\\/www.dealing.es\\\/wp-content\\\/uploads\\\/2023\\\/06\\\/logotipo_dealing.png\",\"width\":3183,\"height\":987,\"caption\":\"Dealing with People S.L.\"},\"image\":{\"@id\":\"https:\\\/\\\/www.dealing.es\\\/#\\\/schema\\\/logo\\\/image\\\/\"},\"sameAs\":[\"https:\\\/\\\/www.linkedin.com\\\/company\\\/dealing-with-people\\\/?trk=public_profile_topcard_current_company&originalSubdomain=es\"]}]}<\/script>\n<!-- \/ Yoast SEO plugin. -->","yoast_head_json":{"title":"Pol\u00edtica de privacidad - Dealing with People","robots":{"index":"noindex","follow":"nofollow"},"og_locale":"en_GB","og_type":"article","og_title":"Pol\u00edtica de privacidad - Dealing with People","og_description":"1. INFORMACI\u00d3N AL USUARIO \u00bfQui\u00e9n es el responsable del tratamiento de tus datos personales? DEALING WITH PEOPLE SL es el..","og_url":"https:\/\/www.dealing.es\/en\/privacy-policy\/","og_site_name":"Dealing with People","article_modified_time":"2026-01-05T11:18:56+00:00","og_image":[{"width":512,"height":512,"url":"https:\/\/www.dealing.es\/wp-content\/uploads\/2023\/06\/cropped-isotipo_dealing-1.png","type":"image\/png"}],"twitter_card":"summary_large_image","twitter_misc":{"Estimated reading time":"3 minutes"},"schema":{"@context":"https:\/\/schema.org","@graph":[{"@type":"WebPage","@id":"https:\/\/www.dealing.es\/es\/politica-privacidad\/","url":"https:\/\/www.dealing.es\/es\/politica-privacidad\/","name":"Pol\u00edtica de privacidad - Dealing with People","isPartOf":{"@id":"https:\/\/www.dealing.es\/#website"},"datePublished":"2022-07-25T10:11:41+00:00","dateModified":"2026-01-05T11:18:56+00:00","breadcrumb":{"@id":"https:\/\/www.dealing.es\/es\/politica-privacidad\/#breadcrumb"},"inLanguage":"en-GB","potentialAction":[{"@type":"ReadAction","target":["https:\/\/www.dealing.es\/es\/politica-privacidad\/"]}]},{"@type":"BreadcrumbList","@id":"https:\/\/www.dealing.es\/es\/politica-privacidad\/#breadcrumb","itemListElement":[{"@type":"ListItem","position":1,"name":"Inicio","item":"https:\/\/www.dealing.es\/"},{"@type":"ListItem","position":2,"name":"Pol\u00edtica de privacidad"}]},{"@type":"WebSite","@id":"https:\/\/www.dealing.es\/#website","url":"https:\/\/www.dealing.es\/","name":"Dealing with People","description":"Expertos en materias como desarrollo profesional, liderazgo, motivaci\u00f3n, gesti\u00f3n de recursos, direcci\u00f3n ejecutiva, y comunicaci\u00f3n empresarial.","publisher":{"@id":"https:\/\/www.dealing.es\/#organization"},"potentialAction":[{"@type":"SearchAction","target":{"@type":"EntryPoint","urlTemplate":"https:\/\/www.dealing.es\/?s={search_term_string}"},"query-input":{"@type":"PropertyValueSpecification","valueRequired":true,"valueName":"search_term_string"}}],"inLanguage":"en-GB"},{"@type":"Organization","@id":"https:\/\/www.dealing.es\/#organization","name":"Dealing with People S.L.","url":"https:\/\/www.dealing.es\/","logo":{"@type":"ImageObject","inLanguage":"en-GB","@id":"https:\/\/www.dealing.es\/#\/schema\/logo\/image\/","url":"https:\/\/www.dealing.es\/wp-content\/uploads\/2023\/06\/logotipo_dealing.png","contentUrl":"https:\/\/www.dealing.es\/wp-content\/uploads\/2023\/06\/logotipo_dealing.png","width":3183,"height":987,"caption":"Dealing with People S.L."},"image":{"@id":"https:\/\/www.dealing.es\/#\/schema\/logo\/image\/"},"sameAs":["https:\/\/www.linkedin.com\/company\/dealing-with-people\/?trk=public_profile_topcard_current_company&originalSubdomain=es"]}]}},"_links":{"self":[{"href":"https:\/\/www.dealing.es\/en\/wp-json\/wp\/v2\/pages\/17490","targetHints":{"allow":["GET"]}}],"collection":[{"href":"https:\/\/www.dealing.es\/en\/wp-json\/wp\/v2\/pages"}],"about":[{"href":"https:\/\/www.dealing.es\/en\/wp-json\/wp\/v2\/types\/page"}],"author":[{"embeddable":true,"href":"https:\/\/www.dealing.es\/en\/wp-json\/wp\/v2\/users\/1"}],"replies":[{"embeddable":true,"href":"https:\/\/www.dealing.es\/en\/wp-json\/wp\/v2\/comments?post=17490"}],"version-history":[{"count":10,"href":"https:\/\/www.dealing.es\/en\/wp-json\/wp\/v2\/pages\/17490\/revisions"}],"predecessor-version":[{"id":39133,"href":"https:\/\/www.dealing.es\/en\/wp-json\/wp\/v2\/pages\/17490\/revisions\/39133"}],"wp:attachment":[{"href":"https:\/\/www.dealing.es\/en\/wp-json\/wp\/v2\/media?parent=17490"}],"curies":[{"name":"wp","href":"https:\/\/api.w.org\/{rel}","templated":true}]}}